{"id":653,"date":"2020-04-13T21:30:49","date_gmt":"2020-04-13T21:30:49","guid":{"rendered":"https:\/\/rsqme.net\/?page_id=653"},"modified":"2020-04-13T21:32:28","modified_gmt":"2020-04-13T21:32:28","slug":"mission-statement","status":"publish","type":"page","link":"https:\/\/rsqme.net\/es\/mission-statement\/","title":{"rendered":"MISI\u00d3N"},"content":{"rendered":"<div data-elementor-type=\"wp-page\" data-elementor-id=\"653\" class=\"elementor elementor-653\">\n\t\t\t\t\t\t<section class=\"elementor-section elementor-top-section elementor-element elementor-element-6c087023 elementor-section-boxed elementor-section-height-default elementor-section-height-default\" data-id=\"6c087023\" data-element_type=\"section\" data-e-type=\"section\">\n\t\t\t\t\t\t<div class=\"elementor-container elementor-column-gap-default\">\n\t\t\t\t\t<div class=\"elementor-column elementor-col-100 elementor-top-column elementor-element elementor-element-1f20bc11\" data-id=\"1f20bc11\" data-element_type=\"column\" data-e-type=\"column\">\n\t\t\t<div class=\"elementor-widget-wrap elementor-element-populated\">\n\t\t\t\t\t\t<div class=\"elementor-element elementor-element-5354573d elementor-widget elementor-widget-text-editor\" data-id=\"5354573d\" data-element_type=\"widget\" data-e-type=\"widget\" data-widget_type=\"text-editor.default\">\n\t\t\t\t<div class=\"elementor-widget-container\">\n\t\t\t\t\t\t\t\t\t\t\t\t\t\t\t\t\t<\/div>\n\t\t\t\t<\/div>\n\t\t\t\t\t<\/div>\n\t\t<\/div>\n\t\t\t\t\t<\/div>\n\t\t<\/section>\n\t\t\t\t<section class=\"elementor-section elementor-top-section elementor-element elementor-element-837db29 elementor-section-boxed elementor-section-height-default elementor-section-height-default\" data-id=\"837db29\" data-element_type=\"section\" data-e-type=\"section\">\n\t\t\t\t\t\t<div class=\"elementor-container elementor-column-gap-default\">\n\t\t\t\t\t<div class=\"elementor-column elementor-col-100 elementor-top-column elementor-element elementor-element-9d329ff\" data-id=\"9d329ff\" data-element_type=\"column\" data-e-type=\"column\">\n\t\t\t<div class=\"elementor-widget-wrap\">\n\t\t\t\t\t\t\t<\/div>\n\t\t<\/div>\n\t\t\t\t\t<\/div>\n\t\t<\/section>\n\t\t\t\t<section class=\"elementor-section elementor-top-section elementor-element elementor-element-b4a2700 elementor-section-content-middle elementor-section-boxed elementor-section-height-default elementor-section-height-default\" data-id=\"b4a2700\" data-element_type=\"section\" data-e-type=\"section\">\n\t\t\t\t\t\t<div class=\"elementor-container elementor-column-gap-no\">\n\t\t\t\t\t<div class=\"elementor-column elementor-col-100 elementor-top-column elementor-element elementor-element-d19c6e9\" data-id=\"d19c6e9\" data-element_type=\"column\" data-e-type=\"column\" data-settings=\"{&quot;background_background&quot;:&quot;classic&quot;}\">\n\t\t\t<div class=\"elementor-widget-wrap elementor-element-populated\">\n\t\t\t\t\t\t<section class=\"elementor-section elementor-inner-section elementor-element elementor-element-15c488e elementor-section-boxed elementor-section-height-default elementor-section-height-default\" data-id=\"15c488e\" data-element_type=\"section\" data-e-type=\"section\">\n\t\t\t\t\t\t<div class=\"elementor-container elementor-column-gap-no\">\n\t\t\t\t\t<div class=\"elementor-column elementor-col-100 elementor-inner-column elementor-element elementor-element-195065b\" data-id=\"195065b\" data-element_type=\"column\" data-e-type=\"column\">\n\t\t\t<div class=\"elementor-widget-wrap elementor-element-populated\">\n\t\t\t\t\t\t<div class=\"elementor-element elementor-element-bb26276 elementor-widget elementor-widget-heading\" data-id=\"bb26276\" data-element_type=\"widget\" data-e-type=\"widget\" data-widget_type=\"heading.default\">\n\t\t\t\t<div class=\"elementor-widget-container\">\n\t\t\t\t\t<h3 class=\"elementor-heading-title elementor-size-default\">MISI\u00d3N<\/h3>\t\t\t\t<\/div>\n\t\t\t\t<\/div>\n\t\t\t\t<div class=\"elementor-element elementor-element-e8b2ca9 elementor-widget elementor-widget-text-editor\" data-id=\"e8b2ca9\" data-element_type=\"widget\" data-e-type=\"widget\" data-widget_type=\"text-editor.default\">\n\t\t\t\t<div class=\"elementor-widget-container\">\n\t\t\t\t\t\t\t\t\t<p class=\"translation-block\">La misi\u00f3n de RSQ Medical Equipment es proveerle a nuestros clientes un excelente servicio, productos y ayuda para mejorar su calidad de vida.<\/p><p>\u00a0<\/p><p class=\"translation-block\">Nos esforzamos por priorizar las necesidades de nuestros clientes y trabajamos para brindar un servicio sobresaliente basado en los valores \u00e9ticos de la familia.<\/p><p>\u00a0<\/p><p class=\"translation-block\">Nos aseguramos de que los miembros de nuestro equipo reciban educaci\u00f3n continua para que est\u00e9n bien informados sobre la \u00faltima tecnolog\u00eda del cuidado del hogar y asi poder servir a nuestros clientes \/ pacientes de una manera efectiva.<\/p>\t\t\t\t\t\t\t\t<\/div>\n\t\t\t\t<\/div>\n\t\t\t\t\t<\/div>\n\t\t<\/div>\n\t\t\t\t\t<\/div>\n\t\t<\/section>\n\t\t\t\t\t<\/div>\n\t\t<\/div>\n\t\t\t\t\t<\/div>\n\t\t<\/section>\n\t\t\t\t<section class=\"elementor-section elementor-top-section elementor-element elementor-element-3d000ad elementor-section-boxed elementor-section-height-default elementor-section-height-default\" data-id=\"3d000ad\" data-element_type=\"section\" data-e-type=\"section\">\n\t\t\t\t\t\t<div class=\"elementor-container elementor-column-gap-default\">\n\t\t\t\t\t<div class=\"elementor-column elementor-col-100 elementor-top-column elementor-element elementor-element-20cd9be\" data-id=\"20cd9be\" data-element_type=\"column\" data-e-type=\"column\">\n\t\t\t<div class=\"elementor-widget-wrap\">\n\t\t\t\t\t\t\t<\/div>\n\t\t<\/div>\n\t\t\t\t\t<\/div>\n\t\t<\/section>\n\t\t\t\t<\/div>","protected":false},"excerpt":{"rendered":"<p>MISSION STATEMENT RSQ Medical Equipment&#8217;s mission is to provide customers with the service, equipment and support they need to improve their quality of life.\u00a0 \u00a0 We strive to put the needs of our customers first and work to provide outstanding service based on ethical family values. \u00a0 We ensure that members of our team receive [&hellip;]<\/p>\n","protected":false},"author":2,"featured_media":0,"parent":0,"menu_order":0,"comment_status":"closed","ping_status":"closed","template":"","meta":{"site-sidebar-layout":"no-sidebar","site-content-layout":"plain-container","ast-site-content-layout":"","site-content-style":"default","site-sidebar-style":"default","ast-global-header-display":"","ast-banner-title-visibility":"","ast-main-header-display":"","ast-hfb-above-header-display":"","ast-hfb-below-header-display":"","ast-hfb-mobile-header-display":"","site-post-title":"disabled","ast-breadcrumbs-content":"","ast-featured-img":"","footer-sml-layout":"","theme-transparent-header-meta":"default","adv-header-id-meta":"","stick-header-meta":"","header-above-stick-meta":"","header-main-stick-meta":"","header-below-stick-meta":"","astra-migrate-meta-layouts":"default","ast-page-background-enabled":"default","ast-page-background-meta":{"desktop":{"background-color":"","background-image":"","background-repeat":"repeat","background-position":"center center","background-size":"auto","background-attachment":"scroll","background-type":"","background-media":"","overlay-type":"","overlay-color":"","overlay-opacity":"","overlay-gradient":""},"tablet":{"background-color":"","background-image":"","background-repeat":"repeat","background-position":"center center","background-size":"auto","background-attachment":"scroll","background-type":"","background-media":"","overlay-type":"","overlay-color":"","overlay-opacity":"","overlay-gradient":""},"mobile":{"background-color":"","background-image":"","background-repeat":"repeat","background-position":"center center","background-size":"auto","background-attachment":"scroll","background-type":"","background-media":"","overlay-type":"","overlay-color":"","overlay-opacity":"","overlay-gradient":""}},"ast-content-background-meta":{"desktop":{"background-color":"var(--ast-global-color-5)","background-image":"","background-repeat":"repeat","background-position":"center center","background-size":"auto","background-attachment":"scroll","background-type":"","background-media":"","overlay-type":"","overlay-color":"","overlay-opacity":"","overlay-gradient":""},"tablet":{"background-color":"var(--ast-global-color-5)","background-image":"","background-repeat":"repeat","background-position":"center center","background-size":"auto","background-attachment":"scroll","background-type":"","background-media":"","overlay-type":"","overlay-color":"","overlay-opacity":"","overlay-gradient":""},"mobile":{"background-color":"var(--ast-global-color-5)","background-image":"","background-repeat":"repeat","background-position":"center center","background-size":"auto","background-attachment":"scroll","background-type":"","background-media":"","overlay-type":"","overlay-color":"","overlay-opacity":"","overlay-gradient":""}},"footnotes":""},"class_list":["post-653","page","type-page","status-publish","hentry"],"yoast_head":"<!-- This site is optimized with the Yoast SEO plugin v27.5 - https:\/\/yoast.com\/product\/yoast-seo-wordpress\/ -->\n<title>MISSION STATEMENT -<\/title>\n<meta name=\"robots\" content=\"index, follow, max-snippet:-1, max-image-preview:large, max-video-preview:-1\" \/>\n<link rel=\"canonical\" href=\"https:\/\/rsqme.net\/es\/mission-statement\/\" \/>\n<meta property=\"og:locale\" content=\"es_ES\" \/>\n<meta property=\"og:type\" content=\"article\" \/>\n<meta property=\"og:title\" content=\"MISSION STATEMENT -\" \/>\n<meta property=\"og:description\" content=\"MISSION STATEMENT RSQ Medical Equipment&#8217;s mission is to provide customers with the service, equipment and support they need to improve their quality of life.\u00a0 \u00a0 We strive to put the needs of our customers first and work to provide outstanding service based on ethical family values. \u00a0 We ensure that members of our team receive [&hellip;]\" \/>\n<meta property=\"og:url\" content=\"https:\/\/rsqme.net\/es\/mission-statement\/\" \/>\n<meta property=\"article:publisher\" content=\"https:\/\/www.facebook.com\/people\/RSQ-Medical-Equipment\/100063606670932\/\" \/>\n<meta property=\"article:modified_time\" content=\"2020-04-13T21:32:28+00:00\" \/>\n<meta name=\"twitter:card\" content=\"summary_large_image\" \/>\n<script type=\"application\/ld+json\" class=\"yoast-schema-graph\">{\"@context\":\"https:\\\/\\\/schema.org\",\"@graph\":[{\"@type\":\"WebPage\",\"@id\":\"https:\\\/\\\/rsqme.net\\\/mission-statement\\\/\",\"url\":\"https:\\\/\\\/rsqme.net\\\/mission-statement\\\/\",\"name\":\"MISSION STATEMENT -\",\"isPartOf\":{\"@id\":\"https:\\\/\\\/rsqme.net\\\/#website\"},\"datePublished\":\"2020-04-13T21:30:49+00:00\",\"dateModified\":\"2020-04-13T21:32:28+00:00\",\"breadcrumb\":{\"@id\":\"https:\\\/\\\/rsqme.net\\\/mission-statement\\\/#breadcrumb\"},\"inLanguage\":\"es\",\"potentialAction\":[{\"@type\":\"ReadAction\",\"target\":[\"https:\\\/\\\/rsqme.net\\\/mission-statement\\\/\"]}]},{\"@type\":\"BreadcrumbList\",\"@id\":\"https:\\\/\\\/rsqme.net\\\/mission-statement\\\/#breadcrumb\",\"itemListElement\":[{\"@type\":\"ListItem\",\"position\":1,\"name\":\"Home\",\"item\":\"https:\\\/\\\/rsqme.net\\\/\"},{\"@type\":\"ListItem\",\"position\":2,\"name\":\"MISSION STATEMENT\"}]},{\"@type\":\"WebSite\",\"@id\":\"https:\\\/\\\/rsqme.net\\\/#website\",\"url\":\"https:\\\/\\\/rsqme.net\\\/\",\"name\":\"rsqme.net\",\"description\":\"\",\"publisher\":{\"@id\":\"https:\\\/\\\/rsqme.net\\\/#organization\"},\"alternateName\":\"rsq\",\"potentialAction\":[{\"@type\":\"SearchAction\",\"target\":{\"@type\":\"EntryPoint\",\"urlTemplate\":\"https:\\\/\\\/rsqme.net\\\/?s={search_term_string}\"},\"query-input\":{\"@type\":\"PropertyValueSpecification\",\"valueRequired\":true,\"valueName\":\"search_term_string\"}}],\"inLanguage\":\"es\"},{\"@type\":\"Organization\",\"@id\":\"https:\\\/\\\/rsqme.net\\\/#organization\",\"name\":\"RSQ Medical Equipment\",\"url\":\"https:\\\/\\\/rsqme.net\\\/\",\"logo\":{\"@type\":\"ImageObject\",\"inLanguage\":\"es\",\"@id\":\"https:\\\/\\\/rsqme.net\\\/#\\\/schema\\\/logo\\\/image\\\/\",\"url\":\"https:\\\/\\\/rsqme.net\\\/wp-content\\\/uploads\\\/2025\\\/07\\\/cropped-logo.jpg\",\"contentUrl\":\"https:\\\/\\\/rsqme.net\\\/wp-content\\\/uploads\\\/2025\\\/07\\\/cropped-logo.jpg\",\"width\":546,\"height\":88,\"caption\":\"RSQ Medical Equipment\"},\"image\":{\"@id\":\"https:\\\/\\\/rsqme.net\\\/#\\\/schema\\\/logo\\\/image\\\/\"},\"sameAs\":[\"https:\\\/\\\/www.facebook.com\\\/people\\\/RSQ-Medical-Equipment\\\/100063606670932\\\/\"]}]}<\/script>\n<!-- \/ Yoast SEO plugin. -->","yoast_head_json":{"title":"MISSION STATEMENT -","robots":{"index":"index","follow":"follow","max-snippet":"max-snippet:-1","max-image-preview":"max-image-preview:large","max-video-preview":"max-video-preview:-1"},"canonical":"https:\/\/rsqme.net\/es\/mission-statement\/","og_locale":"es_ES","og_type":"article","og_title":"MISSION STATEMENT -","og_description":"MISSION STATEMENT RSQ Medical Equipment&#8217;s mission is to provide customers with the service, equipment and support they need to improve their quality of life.\u00a0 \u00a0 We strive to put the needs of our customers first and work to provide outstanding service based on ethical family values. \u00a0 We ensure that members of our team receive [&hellip;]","og_url":"https:\/\/rsqme.net\/es\/mission-statement\/","article_publisher":"https:\/\/www.facebook.com\/people\/RSQ-Medical-Equipment\/100063606670932\/","article_modified_time":"2020-04-13T21:32:28+00:00","twitter_card":"summary_large_image","schema":{"@context":"https:\/\/schema.org","@graph":[{"@type":"WebPage","@id":"https:\/\/rsqme.net\/mission-statement\/","url":"https:\/\/rsqme.net\/mission-statement\/","name":"MISSION STATEMENT -","isPartOf":{"@id":"https:\/\/rsqme.net\/#website"},"datePublished":"2020-04-13T21:30:49+00:00","dateModified":"2020-04-13T21:32:28+00:00","breadcrumb":{"@id":"https:\/\/rsqme.net\/mission-statement\/#breadcrumb"},"inLanguage":"es","potentialAction":[{"@type":"ReadAction","target":["https:\/\/rsqme.net\/mission-statement\/"]}]},{"@type":"BreadcrumbList","@id":"https:\/\/rsqme.net\/mission-statement\/#breadcrumb","itemListElement":[{"@type":"ListItem","position":1,"name":"Home","item":"https:\/\/rsqme.net\/"},{"@type":"ListItem","position":2,"name":"MISSION STATEMENT"}]},{"@type":"WebSite","@id":"https:\/\/rsqme.net\/#website","url":"https:\/\/rsqme.net\/","name":"rsqme.net","description":"","publisher":{"@id":"https:\/\/rsqme.net\/#organization"},"alternateName":"rsq","potentialAction":[{"@type":"SearchAction","target":{"@type":"EntryPoint","urlTemplate":"https:\/\/rsqme.net\/?s={search_term_string}"},"query-input":{"@type":"PropertyValueSpecification","valueRequired":true,"valueName":"search_term_string"}}],"inLanguage":"es"},{"@type":"Organization","@id":"https:\/\/rsqme.net\/#organization","name":"RSQ Medical Equipment","url":"https:\/\/rsqme.net\/","logo":{"@type":"ImageObject","inLanguage":"es","@id":"https:\/\/rsqme.net\/#\/schema\/logo\/image\/","url":"https:\/\/rsqme.net\/wp-content\/uploads\/2025\/07\/cropped-logo.jpg","contentUrl":"https:\/\/rsqme.net\/wp-content\/uploads\/2025\/07\/cropped-logo.jpg","width":546,"height":88,"caption":"RSQ Medical Equipment"},"image":{"@id":"https:\/\/rsqme.net\/#\/schema\/logo\/image\/"},"sameAs":["https:\/\/www.facebook.com\/people\/RSQ-Medical-Equipment\/100063606670932\/"]}]}},"_links":{"self":[{"href":"https:\/\/rsqme.net\/es\/wp-json\/wp\/v2\/pages\/653","targetHints":{"allow":["GET"]}}],"collection":[{"href":"https:\/\/rsqme.net\/es\/wp-json\/wp\/v2\/pages"}],"about":[{"href":"https:\/\/rsqme.net\/es\/wp-json\/wp\/v2\/types\/page"}],"author":[{"embeddable":true,"href":"https:\/\/rsqme.net\/es\/wp-json\/wp\/v2\/users\/2"}],"replies":[{"embeddable":true,"href":"https:\/\/rsqme.net\/es\/wp-json\/wp\/v2\/comments?post=653"}],"version-history":[{"count":0,"href":"https:\/\/rsqme.net\/es\/wp-json\/wp\/v2\/pages\/653\/revisions"}],"wp:attachment":[{"href":"https:\/\/rsqme.net\/es\/wp-json\/wp\/v2\/media?parent=653"}],"curies":[{"name":"wp","href":"https:\/\/api.w.org\/{rel}","templated":true}]}}