{"id":3080,"date":"2024-03-01T22:08:59","date_gmt":"2024-03-01T22:08:59","guid":{"rendered":"https:\/\/rsqme.net\/?page_id=3080"},"modified":"2024-03-01T22:16:17","modified_gmt":"2024-03-01T22:16:17","slug":"blood-pressure-monitor","status":"publish","type":"page","link":"https:\/\/rsqme.net\/es\/blood-pressure-monitor\/","title":{"rendered":"Monitor para la Presion Arterial"},"content":{"rendered":"<div data-elementor-type=\"wp-page\" data-elementor-id=\"3080\" class=\"elementor elementor-3080\">\n\t\t\t\t\t\t<section class=\"elementor-section elementor-top-section elementor-element elementor-element-35b8bf4 elementor-section-boxed elementor-section-height-default elementor-section-height-default\" data-id=\"35b8bf4\" data-element_type=\"section\" data-e-type=\"section\">\n\t\t\t\t\t\t<div class=\"elementor-container elementor-column-gap-default\">\n\t\t\t\t\t<div class=\"elementor-column elementor-col-100 elementor-top-column elementor-element elementor-element-2b1d61b\" data-id=\"2b1d61b\" data-element_type=\"column\" data-e-type=\"column\">\n\t\t\t<div class=\"elementor-widget-wrap elementor-element-populated\">\n\t\t\t\t\t\t<div class=\"elementor-element elementor-element-71ae525 elementor-widget elementor-widget-heading\" data-id=\"71ae525\" data-element_type=\"widget\" data-e-type=\"widget\" data-widget_type=\"heading.default\">\n\t\t\t\t<div class=\"elementor-widget-container\">\n\t\t\t\t\t<h2 class=\"elementor-heading-title elementor-size-default\">Monitor para la Presion Arterial<\/h2>\t\t\t\t<\/div>\n\t\t\t\t<\/div>\n\t\t\t\t\t<\/div>\n\t\t<\/div>\n\t\t\t\t\t<\/div>\n\t\t<\/section>\n\t\t\t\t<section class=\"elementor-section elementor-top-section elementor-element elementor-element-95db202 elementor-section-height-min-height elementor-section-boxed elementor-section-height-default elementor-section-items-middle\" data-id=\"95db202\" data-element_type=\"section\" data-e-type=\"section\">\n\t\t\t\t\t\t<div class=\"elementor-container elementor-column-gap-default\">\n\t\t\t\t\t<div class=\"elementor-column elementor-col-50 elementor-top-column elementor-element elementor-element-c0b964a\" data-id=\"c0b964a\" data-element_type=\"column\" data-e-type=\"column\">\n\t\t\t<div class=\"elementor-widget-wrap elementor-element-populated\">\n\t\t\t\t\t\t<div class=\"elementor-element elementor-element-10fa951 elementor-pagination-position-inside elementor-arrows-position-inside elementor-widget elementor-widget-image-carousel\" data-id=\"10fa951\" data-element_type=\"widget\" data-e-type=\"widget\" data-settings=\"{&quot;slides_to_show&quot;:&quot;2&quot;,&quot;image_spacing_custom&quot;:{&quot;unit&quot;:&quot;px&quot;,&quot;size&quot;:46,&quot;sizes&quot;:[]},&quot;slides_to_scroll&quot;:&quot;2&quot;,&quot;navigation&quot;:&quot;both&quot;,&quot;autoplay&quot;:&quot;yes&quot;,&quot;pause_on_hover&quot;:&quot;yes&quot;,&quot;pause_on_interaction&quot;:&quot;yes&quot;,&quot;autoplay_speed&quot;:5000,&quot;infinite&quot;:&quot;yes&quot;,&quot;speed&quot;:500,&quot;image_spacing_custom_tablet&quot;:{&quot;unit&quot;:&quot;px&quot;,&quot;size&quot;:&quot;&quot;,&quot;sizes&quot;:[]},&quot;image_spacing_custom_mobile&quot;:{&quot;unit&quot;:&quot;px&quot;,&quot;size&quot;:&quot;&quot;,&quot;sizes&quot;:[]}}\" data-widget_type=\"image-carousel.default\">\n\t\t\t\t<div class=\"elementor-widget-container\">\n\t\t\t\t\t\t\t<div class=\"elementor-image-carousel-wrapper swiper\" role=\"region\" aria-roledescription=\"carousel\" aria-label=\"Image Carousel\" dir=\"ltr\">\n\t\t\t<div class=\"elementor-image-carousel swiper-wrapper\" aria-live=\"off\">\n\t\t\t\t\t\t\t\t<div class=\"swiper-slide\" role=\"group\" aria-roledescription=\"slide\" aria-label=\"1 of 5\"><figure class=\"swiper-slide-inner\"><img decoding=\"async\" class=\"swiper-slide-image lazyload\" data-src=\"https:\/\/rsqme.net\/wp-content\/uploads\/2024\/03\/BPM-2048x2048.png\" alt=\"BPM\" src=\"data:image\/svg+xml;base64,PHN2ZyB3aWR0aD0iMSIgaGVpZ2h0PSIxIiB4bWxucz0iaHR0cDovL3d3dy53My5vcmcvMjAwMC9zdmciPjwvc3ZnPg==\" style=\"--smush-placeholder-width: 2048px; --smush-placeholder-aspect-ratio: 2048\/2048;\" \/><\/figure><\/div><div class=\"swiper-slide\" role=\"group\" aria-roledescription=\"slide\" aria-label=\"2 of 5\"><figure class=\"swiper-slide-inner\"><img decoding=\"async\" class=\"swiper-slide-image lazyload\" data-src=\"https:\/\/rsqme.net\/wp-content\/uploads\/2024\/03\/BPM1.png\" alt=\"BPM1\" src=\"data:image\/svg+xml;base64,PHN2ZyB3aWR0aD0iMSIgaGVpZ2h0PSIxIiB4bWxucz0iaHR0cDovL3d3dy53My5vcmcvMjAwMC9zdmciPjwvc3ZnPg==\" style=\"--smush-placeholder-width: 369px; --smush-placeholder-aspect-ratio: 369\/369;\" \/><\/figure><\/div><div class=\"swiper-slide\" role=\"group\" aria-roledescription=\"slide\" aria-label=\"3 of 5\"><figure class=\"swiper-slide-inner\"><img decoding=\"async\" class=\"swiper-slide-image lazyload\" data-src=\"https:\/\/rsqme.net\/wp-content\/uploads\/2024\/03\/BPM2.png\" alt=\"BPM2\" src=\"data:image\/svg+xml;base64,PHN2ZyB3aWR0aD0iMSIgaGVpZ2h0PSIxIiB4bWxucz0iaHR0cDovL3d3dy53My5vcmcvMjAwMC9zdmciPjwvc3ZnPg==\" style=\"--smush-placeholder-width: 368px; --smush-placeholder-aspect-ratio: 368\/369;\" \/><\/figure><\/div><div class=\"swiper-slide\" role=\"group\" aria-roledescription=\"slide\" aria-label=\"4 of 5\"><figure class=\"swiper-slide-inner\"><img decoding=\"async\" class=\"swiper-slide-image lazyload\" data-src=\"https:\/\/rsqme.net\/wp-content\/uploads\/2024\/03\/BPM3.png\" alt=\"BPM3\" src=\"data:image\/svg+xml;base64,PHN2ZyB3aWR0aD0iMSIgaGVpZ2h0PSIxIiB4bWxucz0iaHR0cDovL3d3dy53My5vcmcvMjAwMC9zdmciPjwvc3ZnPg==\" style=\"--smush-placeholder-width: 368px; --smush-placeholder-aspect-ratio: 368\/369;\" \/><\/figure><\/div><div class=\"swiper-slide\" role=\"group\" aria-roledescription=\"slide\" aria-label=\"5 of 5\"><figure class=\"swiper-slide-inner\"><img decoding=\"async\" class=\"swiper-slide-image lazyload\" data-src=\"https:\/\/rsqme.net\/wp-content\/uploads\/2024\/03\/BPM4.png\" alt=\"BPM4\" src=\"data:image\/svg+xml;base64,PHN2ZyB3aWR0aD0iMSIgaGVpZ2h0PSIxIiB4bWxucz0iaHR0cDovL3d3dy53My5vcmcvMjAwMC9zdmciPjwvc3ZnPg==\" style=\"--smush-placeholder-width: 368px; --smush-placeholder-aspect-ratio: 368\/368;\" \/><\/figure><\/div>\t\t\t<\/div>\n\t\t\t\t\t\t\t\t\t\t\t\t<div class=\"elementor-swiper-button elementor-swiper-button-prev\" role=\"button\" tabindex=\"0\">\n\t\t\t\t\t\t<i aria-hidden=\"true\" class=\"eicon-chevron-left\"><\/i>\t\t\t\t\t<\/div>\n\t\t\t\t\t<div class=\"elementor-swiper-button elementor-swiper-button-next\" role=\"button\" tabindex=\"0\">\n\t\t\t\t\t\t<i aria-hidden=\"true\" class=\"eicon-chevron-right\"><\/i>\t\t\t\t\t<\/div>\n\t\t\t\t\n\t\t\t\t\t\t\t\t\t<div class=\"swiper-pagination\"><\/div>\n\t\t\t\t\t\t\t\t\t<\/div>\n\t\t\t\t\t\t<\/div>\n\t\t\t\t<\/div>\n\t\t\t\t\t<\/div>\n\t\t<\/div>\n\t\t\t\t<div class=\"elementor-column elementor-col-50 elementor-top-column elementor-element elementor-element-c215c85\" data-id=\"c215c85\" data-element_type=\"column\" data-e-type=\"column\">\n\t\t\t<div class=\"elementor-widget-wrap elementor-element-populated\">\n\t\t\t\t\t\t<div class=\"elementor-element elementor-element-ae04be9 elementor-widget__width-initial elementor-widget elementor-widget-text-editor\" data-id=\"ae04be9\" data-element_type=\"widget\" data-e-type=\"widget\" data-widget_type=\"text-editor.default\">\n\t\t\t\t<div class=\"elementor-widget-container\">\n\t\t\t\t\t\t\t\t\t<ul><li>Medici\u00f3n autom\u00e1tica inteligente: presione un bot\u00f3n para iniciar y capturar valores de medici\u00f3n, fecha y hora.<\/li><li>Almacena hasta 90 mediciones.<\/li><li>Pantalla LCD grande y f\u00e1cil de leer.<\/li><li>Visualizaci\u00f3n de la clasificaci\u00f3n de la presi\u00f3n arterial de la Organizaci\u00f3n Mundial de la Salud.<\/li><li>Apagado autom\u00e1tico al minuto de desuso.<\/li><li>Se muestra en unidades mmHg o kPa.<\/li><li>Circunferencia del brazo superior: 8,5 \u2013 20 pulgadas<\/li><li>Requiere 4 pilas AA.<\/li><\/ul>\t\t\t\t\t\t\t\t<\/div>\n\t\t\t\t<\/div>\n\t\t\t\t\t<\/div>\n\t\t<\/div>\n\t\t\t\t\t<\/div>\n\t\t<\/section>\n\t\t\t\t<section class=\"elementor-section elementor-top-section elementor-element elementor-element-a8eafb8 elementor-section-boxed elementor-section-height-default elementor-section-height-default\" data-id=\"a8eafb8\" data-element_type=\"section\" data-e-type=\"section\">\n\t\t\t\t\t\t<div class=\"elementor-container elementor-column-gap-default\">\n\t\t\t\t\t<div class=\"elementor-column elementor-col-100 elementor-top-column elementor-element elementor-element-8deb244\" data-id=\"8deb244\" data-element_type=\"column\" data-e-type=\"column\">\n\t\t\t<div class=\"elementor-widget-wrap elementor-element-populated\">\n\t\t\t\t\t\t<div class=\"elementor-element elementor-element-c320211 elementor-widget elementor-widget-spacer\" data-id=\"c320211\" data-element_type=\"widget\" data-e-type=\"widget\" data-widget_type=\"spacer.default\">\n\t\t\t\t<div class=\"elementor-widget-container\">\n\t\t\t\t\t\t\t<div class=\"elementor-spacer\">\n\t\t\t<div class=\"elementor-spacer-inner\"><\/div>\n\t\t<\/div>\n\t\t\t\t\t\t<\/div>\n\t\t\t\t<\/div>\n\t\t\t\t<div class=\"elementor-element elementor-element-dec2f6d elementor-align-center elementor-mobile-align-center elementor-widget elementor-widget-button\" data-id=\"dec2f6d\" data-element_type=\"widget\" data-e-type=\"widget\" data-widget_type=\"button.default\">\n\t\t\t\t<div class=\"elementor-widget-container\">\n\t\t\t\t\t\t\t\t\t<div class=\"elementor-button-wrapper\">\n\t\t\t\t\t<a class=\"elementor-button elementor-button-link elementor-size-md elementor-animation-grow\" href=\"#\">\n\t\t\t\t\t\t<span class=\"elementor-button-content-wrapper\">\n\t\t\t\t\t\t\t\t\t<span class=\"elementor-button-text\">Verifique su Elegibilidad<\/span>\n\t\t\t\t\t<\/span>\n\t\t\t\t\t<\/a>\n\t\t\t\t<\/div>\n\t\t\t\t\t\t\t\t<\/div>\n\t\t\t\t<\/div>\n\t\t\t\t<div class=\"elementor-element elementor-element-60d95ac elementor-widget elementor-widget-spacer\" data-id=\"60d95ac\" data-element_type=\"widget\" data-e-type=\"widget\" data-widget_type=\"spacer.default\">\n\t\t\t\t<div class=\"elementor-widget-container\">\n\t\t\t\t\t\t\t<div class=\"elementor-spacer\">\n\t\t\t<div class=\"elementor-spacer-inner\"><\/div>\n\t\t<\/div>\n\t\t\t\t\t\t<\/div>\n\t\t\t\t<\/div>\n\t\t\t\t\t<\/div>\n\t\t<\/div>\n\t\t\t\t\t<\/div>\n\t\t<\/section>\n\t\t\t\t<\/div>","protected":false},"excerpt":{"rendered":"<p>Blood Pressure Monitor Intelligent automatic measurement: press one button to start and capture measurement values, date and time. Stores up to 90 measurements. Large, easy-to-read LCD screen. World Health Organization blood pressure classification display. Automatic shutdown within a minute of disuse. Displays in either mmHg or kPa units. Upper arm circumference: 8.5 &#8211; 20 in [&hellip;]<\/p>\n","protected":false},"author":2,"featured_media":0,"parent":0,"menu_order":0,"comment_status":"closed","ping_status":"closed","template":"","meta":{"site-sidebar-layout":"no-sidebar","site-content-layout":"page-builder","ast-site-content-layout":"","site-content-style":"default","site-sidebar-style":"default","ast-global-header-display":"","ast-banner-title-visibility":"","ast-main-header-display":"","ast-hfb-above-header-display":"","ast-hfb-below-header-display":"","ast-hfb-mobile-header-display":"","site-post-title":"disabled","ast-breadcrumbs-content":"","ast-featured-img":"disabled","footer-sml-layout":"","theme-transparent-header-meta":"","adv-header-id-meta":"","stick-header-meta":"","header-above-stick-meta":"","header-main-stick-meta":"","header-below-stick-meta":"","astra-migrate-meta-layouts":"default","ast-page-background-enabled":"default","ast-page-background-meta":{"desktop":{"background-color":"","background-image":"","background-repeat":"repeat","background-position":"center center","background-size":"auto","background-attachment":"scroll","background-type":"","background-media":"","overlay-type":"","overlay-color":"","overlay-opacity":"","overlay-gradient":""},"tablet":{"background-color":"","background-image":"","background-repeat":"repeat","background-position":"center center","background-size":"auto","background-attachment":"scroll","background-type":"","background-media":"","overlay-type":"","overlay-color":"","overlay-opacity":"","overlay-gradient":""},"mobile":{"background-color":"","background-image":"","background-repeat":"repeat","background-position":"center center","background-size":"auto","background-attachment":"scroll","background-type":"","background-media":"","overlay-type":"","overlay-color":"","overlay-opacity":"","overlay-gradient":""}},"ast-content-background-meta":{"desktop":{"background-color":"var(--ast-global-color-5)","background-image":"","background-repeat":"repeat","background-position":"center center","background-size":"auto","background-attachment":"scroll","background-type":"","background-media":"","overlay-type":"","overlay-color":"","overlay-opacity":"","overlay-gradient":""},"tablet":{"background-color":"var(--ast-global-color-5)","background-image":"","background-repeat":"repeat","background-position":"center center","background-size":"auto","background-attachment":"scroll","background-type":"","background-media":"","overlay-type":"","overlay-color":"","overlay-opacity":"","overlay-gradient":""},"mobile":{"background-color":"var(--ast-global-color-5)","background-image":"","background-repeat":"repeat","background-position":"center center","background-size":"auto","background-attachment":"scroll","background-type":"","background-media":"","overlay-type":"","overlay-color":"","overlay-opacity":"","overlay-gradient":""}},"footnotes":""},"class_list":["post-3080","page","type-page","status-publish","hentry"],"yoast_head":"<!-- This site is optimized with the Yoast SEO plugin v27.3 - https:\/\/yoast.com\/product\/yoast-seo-wordpress\/ -->\n<title>Blood Pressure Monitor -<\/title>\n<meta name=\"robots\" content=\"index, follow, max-snippet:-1, max-image-preview:large, max-video-preview:-1\" \/>\n<link rel=\"canonical\" href=\"https:\/\/rsqme.net\/es\/blood-pressure-monitor\/\" \/>\n<meta property=\"og:locale\" content=\"es_ES\" \/>\n<meta property=\"og:type\" content=\"article\" \/>\n<meta property=\"og:title\" content=\"Blood Pressure Monitor -\" \/>\n<meta property=\"og:description\" content=\"Blood Pressure Monitor Intelligent automatic measurement: press one button to start and capture measurement values, date and time. Stores up to 90 measurements. Large, easy-to-read LCD screen. World Health Organization blood pressure classification display. Automatic shutdown within a minute of disuse. Displays in either mmHg or kPa units. Upper arm circumference: 8.5 &#8211; 20 in [&hellip;]\" \/>\n<meta property=\"og:url\" content=\"https:\/\/rsqme.net\/es\/blood-pressure-monitor\/\" \/>\n<meta property=\"article:publisher\" content=\"https:\/\/www.facebook.com\/people\/RSQ-Medical-Equipment\/100063606670932\/\" \/>\n<meta property=\"article:modified_time\" content=\"2024-03-01T22:16:17+00:00\" \/>\n<meta property=\"og:image\" content=\"https:\/\/rsqme.net\/wp-content\/uploads\/2024\/03\/BPM-2048x2048.png\" \/>\n<meta name=\"twitter:card\" content=\"summary_large_image\" \/>\n<meta name=\"twitter:label1\" content=\"Tiempo de lectura\" \/>\n\t<meta name=\"twitter:data1\" content=\"2 minutos\" \/>\n<script type=\"application\/ld+json\" class=\"yoast-schema-graph\">{\"@context\":\"https:\\\/\\\/schema.org\",\"@graph\":[{\"@type\":\"WebPage\",\"@id\":\"https:\\\/\\\/rsqme.net\\\/blood-pressure-monitor\\\/\",\"url\":\"https:\\\/\\\/rsqme.net\\\/blood-pressure-monitor\\\/\",\"name\":\"Blood Pressure Monitor -\",\"isPartOf\":{\"@id\":\"https:\\\/\\\/rsqme.net\\\/#website\"},\"primaryImageOfPage\":{\"@id\":\"https:\\\/\\\/rsqme.net\\\/blood-pressure-monitor\\\/#primaryimage\"},\"image\":{\"@id\":\"https:\\\/\\\/rsqme.net\\\/blood-pressure-monitor\\\/#primaryimage\"},\"thumbnailUrl\":\"https:\\\/\\\/rsqme.net\\\/wp-content\\\/uploads\\\/2024\\\/03\\\/BPM-2048x2048.png\",\"datePublished\":\"2024-03-01T22:08:59+00:00\",\"dateModified\":\"2024-03-01T22:16:17+00:00\",\"breadcrumb\":{\"@id\":\"https:\\\/\\\/rsqme.net\\\/blood-pressure-monitor\\\/#breadcrumb\"},\"inLanguage\":\"es\",\"potentialAction\":[{\"@type\":\"ReadAction\",\"target\":[\"https:\\\/\\\/rsqme.net\\\/blood-pressure-monitor\\\/\"]}]},{\"@type\":\"ImageObject\",\"inLanguage\":\"es\",\"@id\":\"https:\\\/\\\/rsqme.net\\\/blood-pressure-monitor\\\/#primaryimage\",\"url\":\"https:\\\/\\\/rsqme.net\\\/wp-content\\\/uploads\\\/2024\\\/03\\\/BPM-2048x2048.png\",\"contentUrl\":\"https:\\\/\\\/rsqme.net\\\/wp-content\\\/uploads\\\/2024\\\/03\\\/BPM-2048x2048.png\"},{\"@type\":\"BreadcrumbList\",\"@id\":\"https:\\\/\\\/rsqme.net\\\/blood-pressure-monitor\\\/#breadcrumb\",\"itemListElement\":[{\"@type\":\"ListItem\",\"position\":1,\"name\":\"Home\",\"item\":\"https:\\\/\\\/rsqme.net\\\/\"},{\"@type\":\"ListItem\",\"position\":2,\"name\":\"Blood Pressure Monitor\"}]},{\"@type\":\"WebSite\",\"@id\":\"https:\\\/\\\/rsqme.net\\\/#website\",\"url\":\"https:\\\/\\\/rsqme.net\\\/\",\"name\":\"rsqme.net\",\"description\":\"\",\"publisher\":{\"@id\":\"https:\\\/\\\/rsqme.net\\\/#organization\"},\"alternateName\":\"rsq\",\"potentialAction\":[{\"@type\":\"SearchAction\",\"target\":{\"@type\":\"EntryPoint\",\"urlTemplate\":\"https:\\\/\\\/rsqme.net\\\/?s={search_term_string}\"},\"query-input\":{\"@type\":\"PropertyValueSpecification\",\"valueRequired\":true,\"valueName\":\"search_term_string\"}}],\"inLanguage\":\"es\"},{\"@type\":\"Organization\",\"@id\":\"https:\\\/\\\/rsqme.net\\\/#organization\",\"name\":\"RSQ Medical Equipment\",\"url\":\"https:\\\/\\\/rsqme.net\\\/\",\"logo\":{\"@type\":\"ImageObject\",\"inLanguage\":\"es\",\"@id\":\"https:\\\/\\\/rsqme.net\\\/#\\\/schema\\\/logo\\\/image\\\/\",\"url\":\"https:\\\/\\\/rsqme.net\\\/wp-content\\\/uploads\\\/2025\\\/07\\\/cropped-logo.jpg\",\"contentUrl\":\"https:\\\/\\\/rsqme.net\\\/wp-content\\\/uploads\\\/2025\\\/07\\\/cropped-logo.jpg\",\"width\":546,\"height\":88,\"caption\":\"RSQ Medical Equipment\"},\"image\":{\"@id\":\"https:\\\/\\\/rsqme.net\\\/#\\\/schema\\\/logo\\\/image\\\/\"},\"sameAs\":[\"https:\\\/\\\/www.facebook.com\\\/people\\\/RSQ-Medical-Equipment\\\/100063606670932\\\/\"]}]}<\/script>\n<!-- \/ Yoast SEO plugin. -->","yoast_head_json":{"title":"Blood Pressure Monitor -","robots":{"index":"index","follow":"follow","max-snippet":"max-snippet:-1","max-image-preview":"max-image-preview:large","max-video-preview":"max-video-preview:-1"},"canonical":"https:\/\/rsqme.net\/es\/blood-pressure-monitor\/","og_locale":"es_ES","og_type":"article","og_title":"Blood Pressure Monitor -","og_description":"Blood Pressure Monitor Intelligent automatic measurement: press one button to start and capture measurement values, date and time. Stores up to 90 measurements. Large, easy-to-read LCD screen. World Health Organization blood pressure classification display. Automatic shutdown within a minute of disuse. Displays in either mmHg or kPa units. Upper arm circumference: 8.5 &#8211; 20 in [&hellip;]","og_url":"https:\/\/rsqme.net\/es\/blood-pressure-monitor\/","article_publisher":"https:\/\/www.facebook.com\/people\/RSQ-Medical-Equipment\/100063606670932\/","article_modified_time":"2024-03-01T22:16:17+00:00","og_image":[{"url":"https:\/\/rsqme.net\/wp-content\/uploads\/2024\/03\/BPM-2048x2048.png","type":"","width":"","height":""}],"twitter_card":"summary_large_image","twitter_misc":{"Tiempo de lectura":"2 minutos"},"schema":{"@context":"https:\/\/schema.org","@graph":[{"@type":"WebPage","@id":"https:\/\/rsqme.net\/blood-pressure-monitor\/","url":"https:\/\/rsqme.net\/blood-pressure-monitor\/","name":"Blood Pressure Monitor -","isPartOf":{"@id":"https:\/\/rsqme.net\/#website"},"primaryImageOfPage":{"@id":"https:\/\/rsqme.net\/blood-pressure-monitor\/#primaryimage"},"image":{"@id":"https:\/\/rsqme.net\/blood-pressure-monitor\/#primaryimage"},"thumbnailUrl":"https:\/\/rsqme.net\/wp-content\/uploads\/2024\/03\/BPM-2048x2048.png","datePublished":"2024-03-01T22:08:59+00:00","dateModified":"2024-03-01T22:16:17+00:00","breadcrumb":{"@id":"https:\/\/rsqme.net\/blood-pressure-monitor\/#breadcrumb"},"inLanguage":"es","potentialAction":[{"@type":"ReadAction","target":["https:\/\/rsqme.net\/blood-pressure-monitor\/"]}]},{"@type":"ImageObject","inLanguage":"es","@id":"https:\/\/rsqme.net\/blood-pressure-monitor\/#primaryimage","url":"https:\/\/rsqme.net\/wp-content\/uploads\/2024\/03\/BPM-2048x2048.png","contentUrl":"https:\/\/rsqme.net\/wp-content\/uploads\/2024\/03\/BPM-2048x2048.png"},{"@type":"BreadcrumbList","@id":"https:\/\/rsqme.net\/blood-pressure-monitor\/#breadcrumb","itemListElement":[{"@type":"ListItem","position":1,"name":"Home","item":"https:\/\/rsqme.net\/"},{"@type":"ListItem","position":2,"name":"Blood Pressure Monitor"}]},{"@type":"WebSite","@id":"https:\/\/rsqme.net\/#website","url":"https:\/\/rsqme.net\/","name":"rsqme.net","description":"","publisher":{"@id":"https:\/\/rsqme.net\/#organization"},"alternateName":"rsq","potentialAction":[{"@type":"SearchAction","target":{"@type":"EntryPoint","urlTemplate":"https:\/\/rsqme.net\/?s={search_term_string}"},"query-input":{"@type":"PropertyValueSpecification","valueRequired":true,"valueName":"search_term_string"}}],"inLanguage":"es"},{"@type":"Organization","@id":"https:\/\/rsqme.net\/#organization","name":"RSQ Medical Equipment","url":"https:\/\/rsqme.net\/","logo":{"@type":"ImageObject","inLanguage":"es","@id":"https:\/\/rsqme.net\/#\/schema\/logo\/image\/","url":"https:\/\/rsqme.net\/wp-content\/uploads\/2025\/07\/cropped-logo.jpg","contentUrl":"https:\/\/rsqme.net\/wp-content\/uploads\/2025\/07\/cropped-logo.jpg","width":546,"height":88,"caption":"RSQ Medical Equipment"},"image":{"@id":"https:\/\/rsqme.net\/#\/schema\/logo\/image\/"},"sameAs":["https:\/\/www.facebook.com\/people\/RSQ-Medical-Equipment\/100063606670932\/"]}]}},"_links":{"self":[{"href":"https:\/\/rsqme.net\/es\/wp-json\/wp\/v2\/pages\/3080","targetHints":{"allow":["GET"]}}],"collection":[{"href":"https:\/\/rsqme.net\/es\/wp-json\/wp\/v2\/pages"}],"about":[{"href":"https:\/\/rsqme.net\/es\/wp-json\/wp\/v2\/types\/page"}],"author":[{"embeddable":true,"href":"https:\/\/rsqme.net\/es\/wp-json\/wp\/v2\/users\/2"}],"replies":[{"embeddable":true,"href":"https:\/\/rsqme.net\/es\/wp-json\/wp\/v2\/comments?post=3080"}],"version-history":[{"count":0,"href":"https:\/\/rsqme.net\/es\/wp-json\/wp\/v2\/pages\/3080\/revisions"}],"wp:attachment":[{"href":"https:\/\/rsqme.net\/es\/wp-json\/wp\/v2\/media?parent=3080"}],"curies":[{"name":"wp","href":"https:\/\/api.w.org\/{rel}","templated":true}]}}