{"id":3017,"date":"2024-03-01T20:36:19","date_gmt":"2024-03-01T20:36:19","guid":{"rendered":"https:\/\/rsqme.net\/?page_id=3017"},"modified":"2024-03-01T22:17:02","modified_gmt":"2024-03-01T22:17:02","slug":"pregnancy-support-band","status":"publish","type":"page","link":"https:\/\/rsqme.net\/es\/pregnancy-support-band\/","title":{"rendered":"Banda de Soporte"},"content":{"rendered":"<div data-elementor-type=\"wp-page\" data-elementor-id=\"3017\" class=\"elementor elementor-3017\">\n\t\t\t\t\t\t<section class=\"elementor-section elementor-top-section elementor-element elementor-element-35b8bf4 elementor-section-boxed elementor-section-height-default elementor-section-height-default\" data-id=\"35b8bf4\" data-element_type=\"section\" data-e-type=\"section\">\n\t\t\t\t\t\t<div class=\"elementor-container elementor-column-gap-default\">\n\t\t\t\t\t<div class=\"elementor-column elementor-col-100 elementor-top-column elementor-element elementor-element-2b1d61b\" data-id=\"2b1d61b\" data-element_type=\"column\" data-e-type=\"column\">\n\t\t\t<div class=\"elementor-widget-wrap elementor-element-populated\">\n\t\t\t\t\t\t<div class=\"elementor-element elementor-element-71ae525 elementor-widget elementor-widget-heading\" data-id=\"71ae525\" data-element_type=\"widget\" data-e-type=\"widget\" data-widget_type=\"heading.default\">\n\t\t\t\t<div class=\"elementor-widget-container\">\n\t\t\t\t\t<h2 class=\"elementor-heading-title elementor-size-default\">Banda de Soporte<\/h2>\t\t\t\t<\/div>\n\t\t\t\t<\/div>\n\t\t\t\t\t<\/div>\n\t\t<\/div>\n\t\t\t\t\t<\/div>\n\t\t<\/section>\n\t\t\t\t<section class=\"elementor-section elementor-top-section elementor-element elementor-element-95db202 elementor-section-height-min-height elementor-section-boxed elementor-section-height-default elementor-section-items-middle\" data-id=\"95db202\" data-element_type=\"section\" data-e-type=\"section\">\n\t\t\t\t\t\t<div class=\"elementor-container elementor-column-gap-default\">\n\t\t\t\t\t<div class=\"elementor-column elementor-col-50 elementor-top-column elementor-element elementor-element-c0b964a\" data-id=\"c0b964a\" data-element_type=\"column\" data-e-type=\"column\">\n\t\t\t<div class=\"elementor-widget-wrap elementor-element-populated\">\n\t\t\t\t\t\t<div class=\"elementor-element elementor-element-10fa951 elementor-pagination-position-inside elementor-arrows-position-inside elementor-widget elementor-widget-image-carousel\" data-id=\"10fa951\" data-element_type=\"widget\" data-e-type=\"widget\" data-settings=\"{&quot;slides_to_show&quot;:&quot;2&quot;,&quot;image_spacing_custom&quot;:{&quot;unit&quot;:&quot;px&quot;,&quot;size&quot;:0,&quot;sizes&quot;:[]},&quot;slides_to_scroll&quot;:&quot;2&quot;,&quot;navigation&quot;:&quot;both&quot;,&quot;autoplay&quot;:&quot;yes&quot;,&quot;pause_on_hover&quot;:&quot;yes&quot;,&quot;pause_on_interaction&quot;:&quot;yes&quot;,&quot;autoplay_speed&quot;:5000,&quot;infinite&quot;:&quot;yes&quot;,&quot;speed&quot;:500,&quot;image_spacing_custom_tablet&quot;:{&quot;unit&quot;:&quot;px&quot;,&quot;size&quot;:&quot;&quot;,&quot;sizes&quot;:[]},&quot;image_spacing_custom_mobile&quot;:{&quot;unit&quot;:&quot;px&quot;,&quot;size&quot;:&quot;&quot;,&quot;sizes&quot;:[]}}\" data-widget_type=\"image-carousel.default\">\n\t\t\t\t<div class=\"elementor-widget-container\">\n\t\t\t\t\t\t\t<div class=\"elementor-image-carousel-wrapper swiper\" role=\"region\" aria-roledescription=\"carousel\" aria-label=\"Carrusel de im\u00e1genes\" dir=\"ltr\">\n\t\t\t<div class=\"elementor-image-carousel swiper-wrapper swiper-image-stretch\" aria-live=\"off\">\n\t\t\t\t\t\t\t\t<div class=\"swiper-slide\" role=\"group\" aria-roledescription=\"slide\" aria-label=\"1 de 2\" data-no-translation-aria-label=\"\"><figure class=\"swiper-slide-inner\"><img decoding=\"async\" class=\"swiper-slide-image lazyload\" data-src=\"https:\/\/rsqme.net\/wp-content\/uploads\/2023\/10\/Picture6.png\" alt=\"Pregnancy Support Bands\" src=\"data:image\/svg+xml;base64,PHN2ZyB3aWR0aD0iMSIgaGVpZ2h0PSIxIiB4bWxucz0iaHR0cDovL3d3dy53My5vcmcvMjAwMC9zdmciPjwvc3ZnPg==\" style=\"--smush-placeholder-width: 378px; --smush-placeholder-aspect-ratio: 378\/386;\" \/><\/figure><\/div><div class=\"swiper-slide\" role=\"group\" aria-roledescription=\"slide\" aria-label=\"2 de 2\" data-no-translation-aria-label=\"\"><figure class=\"swiper-slide-inner\"><img decoding=\"async\" class=\"swiper-slide-image lazyload\" data-src=\"https:\/\/rsqme.net\/wp-content\/uploads\/2024\/03\/Support-Band-medline.png\" alt=\"Support Band medline\" src=\"data:image\/svg+xml;base64,PHN2ZyB3aWR0aD0iMSIgaGVpZ2h0PSIxIiB4bWxucz0iaHR0cDovL3d3dy53My5vcmcvMjAwMC9zdmciPjwvc3ZnPg==\" style=\"--smush-placeholder-width: 880px; --smush-placeholder-aspect-ratio: 880\/487;\" \/><\/figure><\/div>\t\t\t<\/div>\n\t\t\t\t\t\t\t\t\t\t\t\t<div class=\"elementor-swiper-button elementor-swiper-button-prev\" role=\"button\" tabindex=\"0\">\n\t\t\t\t\t\t<i aria-hidden=\"true\" class=\"eicon-chevron-left\"><\/i>\t\t\t\t\t<\/div>\n\t\t\t\t\t<div class=\"elementor-swiper-button elementor-swiper-button-next\" role=\"button\" tabindex=\"0\">\n\t\t\t\t\t\t<i aria-hidden=\"true\" class=\"eicon-chevron-right\"><\/i>\t\t\t\t\t<\/div>\n\t\t\t\t\n\t\t\t\t\t\t\t\t\t<div class=\"swiper-pagination\"><\/div>\n\t\t\t\t\t\t\t\t\t<\/div>\n\t\t\t\t\t\t<\/div>\n\t\t\t\t<\/div>\n\t\t\t\t\t<\/div>\n\t\t<\/div>\n\t\t\t\t<div class=\"elementor-column elementor-col-50 elementor-top-column elementor-element elementor-element-c215c85\" data-id=\"c215c85\" data-element_type=\"column\" data-e-type=\"column\">\n\t\t\t<div class=\"elementor-widget-wrap elementor-element-populated\">\n\t\t\t\t\t\t<div class=\"elementor-element elementor-element-ae04be9 elementor-widget__width-initial elementor-widget elementor-widget-text-editor\" data-id=\"ae04be9\" data-element_type=\"widget\" data-e-type=\"widget\" data-widget_type=\"text-editor.default\">\n\t\t\t\t<div class=\"elementor-widget-container\">\n\t\t\t\t\t\t\t\t\t<ul><li>El cintur\u00f3n de maternidad f\u00e1cil de usar ayuda a proporcionar soporte adicional al vientre y elevaci\u00f3n abdominal para aliviar las molestias en la espalda y el abdomen durante el embarazo.<\/li><li>Dise\u00f1o de velcro para un f\u00e1cil ajuste del cintur\u00f3n para adaptarse a la mayor\u00eda de las etapas del embarazo.<\/li><li>Los paneles laterales ventilados ayudan a brindar transpirabilidad y comodidad para usar durante todo el d\u00eda.<\/li><li>Conforming, anti-roll stays also help prevent belt from rolling over for user comfort.<\/li><li>Reduce la presi\u00f3n sobre la vejiga.<\/li><li>Disminuye los calambres o dolores agudos en el vientre o la ingle.<\/li><li>Ayuda a distribuir el peso de tu beb\u00e9 en crecimiento.<\/li><li>Disminuye el dolor de la articulaci\u00f3n sacroil\u00edaca.<\/li><li>Apoya actividades o ejercicios prenatales.<\/li><li>Corrige la postura.<\/li><li>Reduce la ci\u00e1tica.<\/li><\/ul>\t\t\t\t\t\t\t\t<\/div>\n\t\t\t\t<\/div>\n\t\t\t\t\t<\/div>\n\t\t<\/div>\n\t\t\t\t\t<\/div>\n\t\t<\/section>\n\t\t\t\t<section class=\"elementor-section elementor-top-section elementor-element elementor-element-a8eafb8 elementor-section-boxed elementor-section-height-default elementor-section-height-default\" data-id=\"a8eafb8\" data-element_type=\"section\" data-e-type=\"section\">\n\t\t\t\t\t\t<div class=\"elementor-container elementor-column-gap-default\">\n\t\t\t\t\t<div class=\"elementor-column elementor-col-100 elementor-top-column elementor-element elementor-element-8deb244\" data-id=\"8deb244\" data-element_type=\"column\" data-e-type=\"column\">\n\t\t\t<div class=\"elementor-widget-wrap elementor-element-populated\">\n\t\t\t\t\t\t<div class=\"elementor-element elementor-element-65c7373 elementor-widget elementor-widget-spacer\" data-id=\"65c7373\" data-element_type=\"widget\" data-e-type=\"widget\" data-widget_type=\"spacer.default\">\n\t\t\t\t<div class=\"elementor-widget-container\">\n\t\t\t\t\t\t\t<div class=\"elementor-spacer\">\n\t\t\t<div class=\"elementor-spacer-inner\"><\/div>\n\t\t<\/div>\n\t\t\t\t\t\t<\/div>\n\t\t\t\t<\/div>\n\t\t\t\t<div class=\"elementor-element elementor-element-dec2f6d elementor-align-center elementor-mobile-align-center elementor-widget elementor-widget-button\" data-id=\"dec2f6d\" data-element_type=\"widget\" data-e-type=\"widget\" data-widget_type=\"button.default\">\n\t\t\t\t<div class=\"elementor-widget-container\">\n\t\t\t\t\t\t\t\t\t<div class=\"elementor-button-wrapper\">\n\t\t\t\t\t<a class=\"elementor-button elementor-button-link elementor-size-md elementor-animation-grow\" href=\"#\">\n\t\t\t\t\t\t<span class=\"elementor-button-content-wrapper\">\n\t\t\t\t\t\t\t\t\t<span class=\"elementor-button-text\">Verifique su Elegibilidad<\/span>\n\t\t\t\t\t<\/span>\n\t\t\t\t\t<\/a>\n\t\t\t\t<\/div>\n\t\t\t\t\t\t\t\t<\/div>\n\t\t\t\t<\/div>\n\t\t\t\t<div class=\"elementor-element elementor-element-2bdcf79 elementor-widget elementor-widget-spacer\" data-id=\"2bdcf79\" data-element_type=\"widget\" data-e-type=\"widget\" data-widget_type=\"spacer.default\">\n\t\t\t\t<div class=\"elementor-widget-container\">\n\t\t\t\t\t\t\t<div class=\"elementor-spacer\">\n\t\t\t<div class=\"elementor-spacer-inner\"><\/div>\n\t\t<\/div>\n\t\t\t\t\t\t<\/div>\n\t\t\t\t<\/div>\n\t\t\t\t\t<\/div>\n\t\t<\/div>\n\t\t\t\t\t<\/div>\n\t\t<\/section>\n\t\t\t\t<section class=\"elementor-section elementor-top-section elementor-element elementor-element-9f7aabb elementor-section-boxed elementor-section-height-default elementor-section-height-default\" data-id=\"9f7aabb\" data-element_type=\"section\" data-e-type=\"section\">\n\t\t\t\t\t\t<div class=\"elementor-container elementor-column-gap-default\">\n\t\t\t\t\t<div class=\"elementor-column elementor-col-50 elementor-top-column elementor-element elementor-element-7925086\" data-id=\"7925086\" data-element_type=\"column\" data-e-type=\"column\">\n\t\t\t<div class=\"elementor-widget-wrap elementor-element-populated\">\n\t\t\t\t\t\t<div class=\"elementor-element elementor-element-b2d9319 elementor-widget elementor-widget-heading\" data-id=\"b2d9319\" data-element_type=\"widget\" data-e-type=\"widget\" data-widget_type=\"heading.default\">\n\t\t\t\t<div class=\"elementor-widget-container\">\n\t\t\t\t\t<h2 class=\"elementor-heading-title elementor-size-default\">C\u00f3mo elegir tu talla<\/h2>\t\t\t\t<\/div>\n\t\t\t\t<\/div>\n\t\t\t\t<div class=\"elementor-element elementor-element-65f048b elementor-widget elementor-widget-text-editor\" data-id=\"65f048b\" data-element_type=\"widget\" data-e-type=\"widget\" data-widget_type=\"text-editor.default\">\n\t\t\t\t<div class=\"elementor-widget-container\">\n\t\t\t\t\t\t\t\t\t<p><em>*Gu\u00eda de tallas basada en la talla de pantal\u00f3n antes del embarazo 0 \u2013 18<\/em><\/p>\t\t\t\t\t\t\t\t<\/div>\n\t\t\t\t<\/div>\n\t\t\t\t\t<\/div>\n\t\t<\/div>\n\t\t\t\t<div class=\"elementor-column elementor-col-50 elementor-top-column elementor-element elementor-element-5baf6c6\" data-id=\"5baf6c6\" data-element_type=\"column\" data-e-type=\"column\">\n\t\t\t<div class=\"elementor-widget-wrap elementor-element-populated\">\n\t\t\t\t\t\t<div class=\"elementor-element elementor-element-790a450 elementor-widget elementor-widget-image\" data-id=\"790a450\" data-element_type=\"widget\" data-e-type=\"widget\" data-widget_type=\"image.default\">\n\t\t\t\t<div class=\"elementor-widget-container\">\n\t\t\t\t\t\t\t\t\t\t\t\t\t\t\t<img fetchpriority=\"high\" decoding=\"async\" width=\"710\" height=\"287\" src=\"https:\/\/rsqme.net\/wp-content\/uploads\/2024\/03\/Size-chart-support-band.png\" class=\"attachment-large size-large wp-image-3056\" alt=\"\" srcset=\"https:\/\/rsqme.net\/wp-content\/uploads\/2024\/03\/Size-chart-support-band.png 710w, https:\/\/rsqme.net\/wp-content\/uploads\/2024\/03\/Size-chart-support-band-300x121.png 300w, https:\/\/rsqme.net\/wp-content\/uploads\/2024\/03\/Size-chart-support-band-18x7.png 18w\" sizes=\"(max-width: 710px) 100vw, 710px\" \/>\t\t\t\t\t\t\t\t\t\t\t\t\t\t\t<\/div>\n\t\t\t\t<\/div>\n\t\t\t\t\t<\/div>\n\t\t<\/div>\n\t\t\t\t\t<\/div>\n\t\t<\/section>\n\t\t\t\t<section class=\"elementor-section elementor-top-section elementor-element elementor-element-03f3aa6 elementor-section-boxed elementor-section-height-default elementor-section-height-default\" data-id=\"03f3aa6\" data-element_type=\"section\" data-e-type=\"section\">\n\t\t\t\t\t\t<div class=\"elementor-container elementor-column-gap-default\">\n\t\t\t\t\t<div class=\"elementor-column elementor-col-100 elementor-top-column elementor-element elementor-element-26b55e6\" data-id=\"26b55e6\" data-element_type=\"column\" data-e-type=\"column\">\n\t\t\t<div class=\"elementor-widget-wrap elementor-element-populated\">\n\t\t\t\t\t\t<div class=\"elementor-element elementor-element-1d1e4b9 elementor-widget elementor-widget-spacer\" data-id=\"1d1e4b9\" data-element_type=\"widget\" data-e-type=\"widget\" data-widget_type=\"spacer.default\">\n\t\t\t\t<div class=\"elementor-widget-container\">\n\t\t\t\t\t\t\t<div class=\"elementor-spacer\">\n\t\t\t<div class=\"elementor-spacer-inner\"><\/div>\n\t\t<\/div>\n\t\t\t\t\t\t<\/div>\n\t\t\t\t<\/div>\n\t\t\t\t<div class=\"elementor-element elementor-element-d49a822 elementor-widget elementor-widget-heading\" data-id=\"d49a822\" data-element_type=\"widget\" data-e-type=\"widget\" data-widget_type=\"heading.default\">\n\t\t\t\t<div class=\"elementor-widget-container\">\n\t\t\t\t\t<h2 class=\"elementor-heading-title elementor-size-default\">C\u00f3mo colocarse la banda de soporte para el embarazo.<\/h2>\t\t\t\t<\/div>\n\t\t\t\t<\/div>\n\t\t\t\t<div class=\"elementor-element elementor-element-893b8c2 elementor-widget elementor-widget-video\" data-id=\"893b8c2\" data-element_type=\"widget\" data-e-type=\"widget\" data-settings=\"{&quot;youtube_url&quot;:&quot;https:\\\/\\\/youtu.be\\\/VO06sO9lGwE&quot;,&quot;video_type&quot;:&quot;youtube&quot;,&quot;controls&quot;:&quot;yes&quot;}\" data-widget_type=\"video.default\">\n\t\t\t\t<div class=\"elementor-widget-container\">\n\t\t\t\t\t\t\t<div class=\"elementor-wrapper elementor-open-inline\">\n\t\t\t<div class=\"elementor-video\"><\/div>\t\t<\/div>\n\t\t\t\t\t\t<\/div>\n\t\t\t\t<\/div>\n\t\t\t\t\t<\/div>\n\t\t<\/div>\n\t\t\t\t\t<\/div>\n\t\t<\/section>\n\t\t\t\t<\/div>","protected":false},"excerpt":{"rendered":"<p>Pregnancy Support Band Easy-to-use maternity belt helps provide extra belly support and abdominal lift to relieve back and abdominal discomfort during pregnancy. Hook-and-loop design for easy adjustment of belt to fit most during different stages of pregnancy. Ventilated side panels help provide breathability and comfort for all-day wear. Conforming, anti-roll stays also help prevent belt [&hellip;]<\/p>\n","protected":false},"author":2,"featured_media":0,"parent":0,"menu_order":0,"comment_status":"closed","ping_status":"closed","template":"","meta":{"site-sidebar-layout":"no-sidebar","site-content-layout":"page-builder","ast-site-content-layout":"","site-content-style":"default","site-sidebar-style":"default","ast-global-header-display":"","ast-banner-title-visibility":"","ast-main-header-display":"","ast-hfb-above-header-display":"","ast-hfb-below-header-display":"","ast-hfb-mobile-header-display":"","site-post-title":"disabled","ast-breadcrumbs-content":"","ast-featured-img":"disabled","footer-sml-layout":"","theme-transparent-header-meta":"","adv-header-id-meta":"","stick-header-meta":"","header-above-stick-meta":"","header-main-stick-meta":"","header-below-stick-meta":"","astra-migrate-meta-layouts":"default","ast-page-background-enabled":"default","ast-page-background-meta":{"desktop":{"background-color":"","background-image":"","background-repeat":"repeat","background-position":"center center","background-size":"auto","background-attachment":"scroll","background-type":"","background-media":"","overlay-type":"","overlay-color":"","overlay-opacity":"","overlay-gradient":""},"tablet":{"background-color":"","background-image":"","background-repeat":"repeat","background-position":"center center","background-size":"auto","background-attachment":"scroll","background-type":"","background-media":"","overlay-type":"","overlay-color":"","overlay-opacity":"","overlay-gradient":""},"mobile":{"background-color":"","background-image":"","background-repeat":"repeat","background-position":"center center","background-size":"auto","background-attachment":"scroll","background-type":"","background-media":"","overlay-type":"","overlay-color":"","overlay-opacity":"","overlay-gradient":""}},"ast-content-background-meta":{"desktop":{"background-color":"var(--ast-global-color-5)","background-image":"","background-repeat":"repeat","background-position":"center center","background-size":"auto","background-attachment":"scroll","background-type":"","background-media":"","overlay-type":"","overlay-color":"","overlay-opacity":"","overlay-gradient":""},"tablet":{"background-color":"var(--ast-global-color-5)","background-image":"","background-repeat":"repeat","background-position":"center center","background-size":"auto","background-attachment":"scroll","background-type":"","background-media":"","overlay-type":"","overlay-color":"","overlay-opacity":"","overlay-gradient":""},"mobile":{"background-color":"var(--ast-global-color-5)","background-image":"","background-repeat":"repeat","background-position":"center center","background-size":"auto","background-attachment":"scroll","background-type":"","background-media":"","overlay-type":"","overlay-color":"","overlay-opacity":"","overlay-gradient":""}},"footnotes":""},"class_list":["post-3017","page","type-page","status-publish","hentry"],"yoast_head":"<!-- This site is optimized with the Yoast SEO plugin v27.3 - https:\/\/yoast.com\/product\/yoast-seo-wordpress\/ -->\n<title>Pregnancy Support Band -<\/title>\n<meta name=\"robots\" content=\"index, follow, max-snippet:-1, max-image-preview:large, max-video-preview:-1\" \/>\n<link rel=\"canonical\" href=\"https:\/\/rsqme.net\/es\/pregnancy-support-band\/\" \/>\n<meta property=\"og:locale\" content=\"es_ES\" \/>\n<meta property=\"og:type\" content=\"article\" \/>\n<meta property=\"og:title\" content=\"Pregnancy Support Band -\" \/>\n<meta property=\"og:description\" content=\"Pregnancy Support Band Easy-to-use maternity belt helps provide extra belly support and abdominal lift to relieve back and abdominal discomfort during pregnancy. Hook-and-loop design for easy adjustment of belt to fit most during different stages of pregnancy. Ventilated side panels help provide breathability and comfort for all-day wear. Conforming, anti-roll stays also help prevent belt [&hellip;]\" \/>\n<meta property=\"og:url\" content=\"https:\/\/rsqme.net\/es\/pregnancy-support-band\/\" \/>\n<meta property=\"article:publisher\" content=\"https:\/\/www.facebook.com\/people\/RSQ-Medical-Equipment\/100063606670932\/\" \/>\n<meta property=\"article:modified_time\" content=\"2024-03-01T22:17:02+00:00\" \/>\n<meta property=\"og:image\" content=\"https:\/\/rsqme.net\/wp-content\/uploads\/2023\/10\/Picture6.png\" \/>\n<meta name=\"twitter:card\" content=\"summary_large_image\" \/>\n<meta name=\"twitter:label1\" content=\"Tiempo de lectura\" \/>\n\t<meta name=\"twitter:data1\" content=\"2 minutos\" \/>\n<script type=\"application\/ld+json\" class=\"yoast-schema-graph\">{\"@context\":\"https:\\\/\\\/schema.org\",\"@graph\":[{\"@type\":\"WebPage\",\"@id\":\"https:\\\/\\\/rsqme.net\\\/pregnancy-support-band\\\/\",\"url\":\"https:\\\/\\\/rsqme.net\\\/pregnancy-support-band\\\/\",\"name\":\"Pregnancy Support Band -\",\"isPartOf\":{\"@id\":\"https:\\\/\\\/rsqme.net\\\/#website\"},\"primaryImageOfPage\":{\"@id\":\"https:\\\/\\\/rsqme.net\\\/pregnancy-support-band\\\/#primaryimage\"},\"image\":{\"@id\":\"https:\\\/\\\/rsqme.net\\\/pregnancy-support-band\\\/#primaryimage\"},\"thumbnailUrl\":\"https:\\\/\\\/rsqme.net\\\/wp-content\\\/uploads\\\/2023\\\/10\\\/Picture6.png\",\"datePublished\":\"2024-03-01T20:36:19+00:00\",\"dateModified\":\"2024-03-01T22:17:02+00:00\",\"breadcrumb\":{\"@id\":\"https:\\\/\\\/rsqme.net\\\/pregnancy-support-band\\\/#breadcrumb\"},\"inLanguage\":\"es\",\"potentialAction\":[{\"@type\":\"ReadAction\",\"target\":[\"https:\\\/\\\/rsqme.net\\\/pregnancy-support-band\\\/\"]}]},{\"@type\":\"ImageObject\",\"inLanguage\":\"es\",\"@id\":\"https:\\\/\\\/rsqme.net\\\/pregnancy-support-band\\\/#primaryimage\",\"url\":\"https:\\\/\\\/rsqme.net\\\/wp-content\\\/uploads\\\/2023\\\/10\\\/Picture6.png\",\"contentUrl\":\"https:\\\/\\\/rsqme.net\\\/wp-content\\\/uploads\\\/2023\\\/10\\\/Picture6.png\"},{\"@type\":\"BreadcrumbList\",\"@id\":\"https:\\\/\\\/rsqme.net\\\/pregnancy-support-band\\\/#breadcrumb\",\"itemListElement\":[{\"@type\":\"ListItem\",\"position\":1,\"name\":\"Home\",\"item\":\"https:\\\/\\\/rsqme.net\\\/\"},{\"@type\":\"ListItem\",\"position\":2,\"name\":\"Pregnancy Support Band\"}]},{\"@type\":\"WebSite\",\"@id\":\"https:\\\/\\\/rsqme.net\\\/#website\",\"url\":\"https:\\\/\\\/rsqme.net\\\/\",\"name\":\"rsqme.net\",\"description\":\"\",\"publisher\":{\"@id\":\"https:\\\/\\\/rsqme.net\\\/#organization\"},\"alternateName\":\"rsq\",\"potentialAction\":[{\"@type\":\"SearchAction\",\"target\":{\"@type\":\"EntryPoint\",\"urlTemplate\":\"https:\\\/\\\/rsqme.net\\\/?s={search_term_string}\"},\"query-input\":{\"@type\":\"PropertyValueSpecification\",\"valueRequired\":true,\"valueName\":\"search_term_string\"}}],\"inLanguage\":\"es\"},{\"@type\":\"Organization\",\"@id\":\"https:\\\/\\\/rsqme.net\\\/#organization\",\"name\":\"RSQ Medical Equipment\",\"url\":\"https:\\\/\\\/rsqme.net\\\/\",\"logo\":{\"@type\":\"ImageObject\",\"inLanguage\":\"es\",\"@id\":\"https:\\\/\\\/rsqme.net\\\/#\\\/schema\\\/logo\\\/image\\\/\",\"url\":\"https:\\\/\\\/rsqme.net\\\/wp-content\\\/uploads\\\/2025\\\/07\\\/cropped-logo.jpg\",\"contentUrl\":\"https:\\\/\\\/rsqme.net\\\/wp-content\\\/uploads\\\/2025\\\/07\\\/cropped-logo.jpg\",\"width\":546,\"height\":88,\"caption\":\"RSQ Medical Equipment\"},\"image\":{\"@id\":\"https:\\\/\\\/rsqme.net\\\/#\\\/schema\\\/logo\\\/image\\\/\"},\"sameAs\":[\"https:\\\/\\\/www.facebook.com\\\/people\\\/RSQ-Medical-Equipment\\\/100063606670932\\\/\"]}]}<\/script>\n<!-- \/ Yoast SEO plugin. -->","yoast_head_json":{"title":"Pregnancy Support Band -","robots":{"index":"index","follow":"follow","max-snippet":"max-snippet:-1","max-image-preview":"max-image-preview:large","max-video-preview":"max-video-preview:-1"},"canonical":"https:\/\/rsqme.net\/es\/pregnancy-support-band\/","og_locale":"es_ES","og_type":"article","og_title":"Pregnancy Support Band -","og_description":"Pregnancy Support Band Easy-to-use maternity belt helps provide extra belly support and abdominal lift to relieve back and abdominal discomfort during pregnancy. Hook-and-loop design for easy adjustment of belt to fit most during different stages of pregnancy. Ventilated side panels help provide breathability and comfort for all-day wear. Conforming, anti-roll stays also help prevent belt [&hellip;]","og_url":"https:\/\/rsqme.net\/es\/pregnancy-support-band\/","article_publisher":"https:\/\/www.facebook.com\/people\/RSQ-Medical-Equipment\/100063606670932\/","article_modified_time":"2024-03-01T22:17:02+00:00","og_image":[{"url":"https:\/\/rsqme.net\/wp-content\/uploads\/2023\/10\/Picture6.png","type":"","width":"","height":""}],"twitter_card":"summary_large_image","twitter_misc":{"Tiempo de lectura":"2 minutos"},"schema":{"@context":"https:\/\/schema.org","@graph":[{"@type":"WebPage","@id":"https:\/\/rsqme.net\/pregnancy-support-band\/","url":"https:\/\/rsqme.net\/pregnancy-support-band\/","name":"Pregnancy Support Band -","isPartOf":{"@id":"https:\/\/rsqme.net\/#website"},"primaryImageOfPage":{"@id":"https:\/\/rsqme.net\/pregnancy-support-band\/#primaryimage"},"image":{"@id":"https:\/\/rsqme.net\/pregnancy-support-band\/#primaryimage"},"thumbnailUrl":"https:\/\/rsqme.net\/wp-content\/uploads\/2023\/10\/Picture6.png","datePublished":"2024-03-01T20:36:19+00:00","dateModified":"2024-03-01T22:17:02+00:00","breadcrumb":{"@id":"https:\/\/rsqme.net\/pregnancy-support-band\/#breadcrumb"},"inLanguage":"es","potentialAction":[{"@type":"ReadAction","target":["https:\/\/rsqme.net\/pregnancy-support-band\/"]}]},{"@type":"ImageObject","inLanguage":"es","@id":"https:\/\/rsqme.net\/pregnancy-support-band\/#primaryimage","url":"https:\/\/rsqme.net\/wp-content\/uploads\/2023\/10\/Picture6.png","contentUrl":"https:\/\/rsqme.net\/wp-content\/uploads\/2023\/10\/Picture6.png"},{"@type":"BreadcrumbList","@id":"https:\/\/rsqme.net\/pregnancy-support-band\/#breadcrumb","itemListElement":[{"@type":"ListItem","position":1,"name":"Home","item":"https:\/\/rsqme.net\/"},{"@type":"ListItem","position":2,"name":"Pregnancy Support Band"}]},{"@type":"WebSite","@id":"https:\/\/rsqme.net\/#website","url":"https:\/\/rsqme.net\/","name":"rsqme.net","description":"","publisher":{"@id":"https:\/\/rsqme.net\/#organization"},"alternateName":"rsq","potentialAction":[{"@type":"SearchAction","target":{"@type":"EntryPoint","urlTemplate":"https:\/\/rsqme.net\/?s={search_term_string}"},"query-input":{"@type":"PropertyValueSpecification","valueRequired":true,"valueName":"search_term_string"}}],"inLanguage":"es"},{"@type":"Organization","@id":"https:\/\/rsqme.net\/#organization","name":"RSQ Medical Equipment","url":"https:\/\/rsqme.net\/","logo":{"@type":"ImageObject","inLanguage":"es","@id":"https:\/\/rsqme.net\/#\/schema\/logo\/image\/","url":"https:\/\/rsqme.net\/wp-content\/uploads\/2025\/07\/cropped-logo.jpg","contentUrl":"https:\/\/rsqme.net\/wp-content\/uploads\/2025\/07\/cropped-logo.jpg","width":546,"height":88,"caption":"RSQ Medical Equipment"},"image":{"@id":"https:\/\/rsqme.net\/#\/schema\/logo\/image\/"},"sameAs":["https:\/\/www.facebook.com\/people\/RSQ-Medical-Equipment\/100063606670932\/"]}]}},"_links":{"self":[{"href":"https:\/\/rsqme.net\/es\/wp-json\/wp\/v2\/pages\/3017","targetHints":{"allow":["GET"]}}],"collection":[{"href":"https:\/\/rsqme.net\/es\/wp-json\/wp\/v2\/pages"}],"about":[{"href":"https:\/\/rsqme.net\/es\/wp-json\/wp\/v2\/types\/page"}],"author":[{"embeddable":true,"href":"https:\/\/rsqme.net\/es\/wp-json\/wp\/v2\/users\/2"}],"replies":[{"embeddable":true,"href":"https:\/\/rsqme.net\/es\/wp-json\/wp\/v2\/comments?post=3017"}],"version-history":[{"count":0,"href":"https:\/\/rsqme.net\/es\/wp-json\/wp\/v2\/pages\/3017\/revisions"}],"wp:attachment":[{"href":"https:\/\/rsqme.net\/es\/wp-json\/wp\/v2\/media?parent=3017"}],"curies":[{"name":"wp","href":"https:\/\/api.w.org\/{rel}","templated":true}]}}