{"id":2027,"date":"2023-11-10T20:59:48","date_gmt":"2023-11-10T20:59:48","guid":{"rendered":"https:\/\/rsqme.net\/?page_id=2027"},"modified":"2024-03-13T15:54:07","modified_gmt":"2024-03-13T15:54:07","slug":"sms-complaint-privacy-policy","status":"publish","type":"page","link":"https:\/\/rsqme.net\/es\/sms-complaint-privacy-policy\/","title":{"rendered":"POL\u00cdTICA DE PRIVACIDAD DE QUEJAS POR SMS"},"content":{"rendered":"<div data-elementor-type=\"wp-page\" data-elementor-id=\"2027\" class=\"elementor elementor-2027\">\n\t\t\t\t\t\t<section class=\"elementor-section elementor-top-section elementor-element elementor-element-d769c46 elementor-section-boxed elementor-section-height-default elementor-section-height-default\" data-id=\"d769c46\" data-element_type=\"section\" data-e-type=\"section\">\n\t\t\t\t\t\t<div class=\"elementor-container elementor-column-gap-default\">\n\t\t\t\t\t<div class=\"elementor-column elementor-col-100 elementor-top-column elementor-element elementor-element-cb423fd\" data-id=\"cb423fd\" data-element_type=\"column\" data-e-type=\"column\">\n\t\t\t<div class=\"elementor-widget-wrap elementor-element-populated\">\n\t\t\t\t\t\t<div class=\"elementor-element elementor-element-6ae516e elementor-widget elementor-widget-heading\" data-id=\"6ae516e\" data-element_type=\"widget\" data-e-type=\"widget\" data-widget_type=\"heading.default\">\n\t\t\t\t<div class=\"elementor-widget-container\">\n\t\t\t\t\t<h2 class=\"elementor-heading-title elementor-size-default\">POL\u00cdTICA DE PRIVACIDAD DE QUEJAS POR SMS<\/h2>\t\t\t\t<\/div>\n\t\t\t\t<\/div>\n\t\t\t\t\t<\/div>\n\t\t<\/div>\n\t\t\t\t\t<\/div>\n\t\t<\/section>\n\t\t\t\t<section class=\"elementor-section elementor-top-section elementor-element elementor-element-0d4036f elementor-section-boxed elementor-section-height-default elementor-section-height-default\" data-id=\"0d4036f\" data-element_type=\"section\" data-e-type=\"section\">\n\t\t\t\t\t\t<div class=\"elementor-container elementor-column-gap-default\">\n\t\t\t\t\t<div class=\"elementor-column elementor-col-100 elementor-top-column elementor-element elementor-element-5fe7853\" data-id=\"5fe7853\" data-element_type=\"column\" data-e-type=\"column\">\n\t\t\t<div class=\"elementor-widget-wrap elementor-element-populated\">\n\t\t\t\t\t\t<div class=\"elementor-element elementor-element-415c765 elementor-widget elementor-widget-spacer\" data-id=\"415c765\" data-element_type=\"widget\" data-e-type=\"widget\" data-widget_type=\"spacer.default\">\n\t\t\t\t<div class=\"elementor-widget-container\">\n\t\t\t\t\t\t\t<div class=\"elementor-spacer\">\n\t\t\t<div class=\"elementor-spacer-inner\"><\/div>\n\t\t<\/div>\n\t\t\t\t\t\t<\/div>\n\t\t\t\t<\/div>\n\t\t\t\t\t<\/div>\n\t\t<\/div>\n\t\t\t\t\t<\/div>\n\t\t<\/section>\n\t\t\t\t<section class=\"elementor-section elementor-top-section elementor-element elementor-element-011d5f4 elementor-section-boxed elementor-section-height-default elementor-section-height-default\" data-id=\"011d5f4\" data-element_type=\"section\" data-e-type=\"section\">\n\t\t\t\t\t\t<div class=\"elementor-container elementor-column-gap-default\">\n\t\t\t\t\t<div class=\"elementor-column elementor-col-100 elementor-top-column elementor-element elementor-element-46e1065\" data-id=\"46e1065\" data-element_type=\"column\" data-e-type=\"column\">\n\t\t\t<div class=\"elementor-widget-wrap elementor-element-populated\">\n\t\t\t\t\t\t<div class=\"elementor-element elementor-element-9eb3bbb elementor-widget elementor-widget-text-editor\" data-id=\"9eb3bbb\" data-element_type=\"widget\" data-e-type=\"widget\" data-widget_type=\"text-editor.default\">\n\t\t\t\t<div class=\"elementor-widget-container\">\n\t\t\t\t\t\t\t\t\t<p>\u00a0<\/p><p>Fecha de entrada en efecto: 11\/06\/2023<\/p><p>\u00a0<\/p><p>\u00a0<\/p><p>\u00a0<\/p><p>Rsqme.net se compromete a proteger su privacidad y garantizar una experiencia transparente y segura con nuestros servicios de SMS. Esta pol\u00edtica de privacidad describe c\u00f3mo recopilamos, usamos y salvaguardamos su informaci\u00f3n personal en el contexto de las comunicaciones por SMS.<\/p><p>\u00a0<\/p><p><strong><strong>1. Recopilaci\u00f3n de informaci\u00f3n<\/strong><\/strong><br \/>Recopilamos su n\u00famero de tel\u00e9fono y otra informaci\u00f3n necesaria para las comunicaciones SMS cuando opta por recibir mensajes nuestros.<\/p><p>\u00a0<\/p><p class=\"translation-block\"><strong>2. Finalidad de la comunicaci\u00f3n por SMS<\/strong><br>\nEnviamos mensajes SMS para los siguientes fines: <br>\u2022 Notificaciones de transacciones\n<br>\u2022 Actualizaciones de cuenta<br>\n\u2022 Promociones y ofertas de marketing<br>\n\u2022 Informaci\u00f3n importante relacionada con el servicio<\/p><p>\u00a0<\/p><p class=\"translation-block\"><strong>3. Consentimiento y suscripci\u00f3n voluntaria<\/strong><br>Usted da su consentimiento para recibir mensajes SMS de nuestra parte cuando proporciona su n\u00famero de tel\u00e9fono y su suscripci\u00f3n voluntaria expl\u00edcitamente a trav\u00e9s de nuestro sitio web u otros canales. Tambi\u00e9n podemos emplear un proceso de suscripci\u00f3n voluntaria doble para confirmar su consentimiento.<\/p><p>\u00a0<\/p><p class=\"translation-block\"><strong>4. Frecuencia de los mensajes<\/strong><br>Puede esperar recibir mensajes SMS de nuestra parte como parte de nuestros servicios. Nos esforzamos por limitar la cantidad de mensajes para brindar una experiencia de usuario positiva.<\/p><p>\u00a0<\/p><p class=\"translation-block\"><strong>5. Contenido del mensaje<\/strong><br>Los mensajes SMS pueden contener informaci\u00f3n relacionada con su cuenta, ofertas especiales, promociones y otro contenido relevante.<\/p><p>\u00a0<\/p><p class=\"translation-block\"><strong>6. Seguridad de los datos<\/strong><br>Tomamos muy en serio la seguridad de los datos y hemos implementado s\u00f3lidas medidas de seguridad para proteger su informaci\u00f3n personal y el contenido de los mensajes SMS que recibe.<\/p><p>\u00a0<\/p><p class=\"translation-block\"><strong>7. Retenci\u00f3n de datos<\/strong><br>Conservamos su informaci\u00f3n personal y los registros de mensajes SMS solo durante el tiempo necesario para proporcionar nuestros servicios y cumplir con los requisitos legales. No conservamos los datos durante m\u00e1s tiempo del necesario.<\/p><p>\u00a0<\/p><p class=\"translation-block\"><strong>8. Participaci\u00f3n de terceros<\/strong><br>Podemos utilizar servicios de terceros para facilitar la comunicaci\u00f3n por SMS. Estos servicios cumplen estrictas pol\u00edticas y normativas de privacidad para garantizar la protecci\u00f3n de sus datos.<\/p><p>\u00a0<\/p><p class=\"translation-block\"><strong>9. Mecanismo de cancelaci\u00f3n de suscripci\u00f3n<\/strong><br>Si desea dejar de recibir nuestros mensajes SMS, puede cancelar su suscripci\u00f3n en cualquier momento escribiendo STOP en el mensaje o comunic\u00e1ndose con nuestro equipo de atenci\u00f3n al cliente.<\/p><p>\u00a0<\/p><p class=\"translation-block\"><strong>10. Derechos del usuario<\/strong> <br>Tiene derecho a acceder, corregir o eliminar su informaci\u00f3n personal. Para ejercer estos derechos, comun\u00edquese con nuestro equipo de atenci\u00f3n al cliente.<\/p><p>\u00a0<\/p><p class=\"translation-block\"><strong>11. Quejas<\/strong><br>Si tiene inquietudes o quejas relacionadas con la privacidad, comun\u00edquese con nosotros al 972-202-3497. Tomaremos estos asuntos en serio y los abordaremos con prontitud.<\/p><p>\u00a0<\/p><p class=\"translation-block\"><strong>12. Cambios en la Pol\u00edtica<\/strong> <br>Nos reservamos el derecho de actualizar esta Pol\u00edtica de Privacidad de Reclamos por SMS. Cualquier cambio se comunicar\u00e1 a trav\u00e9s de nuestro sitio web o mediante mensajes SMS si as\u00ed lo exige la ley.<\/p><p>\u00a0<\/p><p class=\"translation-block\"><strong>13. Cumplimiento legal<\/strong><br>Esta pol\u00edtica de privacidad cumple con las leyes y regulaciones de privacidad aplicables.<\/p><p>\u00a0<\/p><p class=\"translation-block\">Para cualquier pregunta o informaci\u00f3n adicional sobre nuestra pol\u00edtica de privacidad de quejas por SMS, cont\u00e1ctenos al 972-202-3497.<br>Gracias por confiar su informaci\u00f3n a rsqme.net.<\/p>\t\t\t\t\t\t\t\t<\/div>\n\t\t\t\t<\/div>\n\t\t\t\t\t<\/div>\n\t\t<\/div>\n\t\t\t\t\t<\/div>\n\t\t<\/section>\n\t\t\t\t<\/div>","protected":false},"excerpt":{"rendered":"<p>SMS COMPLAINT PRIVACY POLICY \u00a0 Effective Date:\u00a0 11\/06\/2023 \u00a0 \u00a0 \u00a0 Rsqme.net is committed to protecting your privacy and ensuring a transparent and secure experience with our SMS services. This privacy policy outlines how we collect, use, and safeguard your personal information in the context of SMS communications. \u00a0 1. Information CollectionWe collect your phone [&hellip;]<\/p>\n","protected":false},"author":2,"featured_media":0,"parent":0,"menu_order":0,"comment_status":"closed","ping_status":"closed","template":"","meta":{"site-sidebar-layout":"no-sidebar","site-content-layout":"boxed-container","ast-site-content-layout":"","site-content-style":"default","site-sidebar-style":"default","ast-global-header-display":"","ast-banner-title-visibility":"","ast-main-header-display":"","ast-hfb-above-header-display":"","ast-hfb-below-header-display":"","ast-hfb-mobile-header-display":"","site-post-title":"disabled","ast-breadcrumbs-content":"","ast-featured-img":"disabled","footer-sml-layout":"","theme-transparent-header-meta":"default","adv-header-id-meta":"","stick-header-meta":"","header-above-stick-meta":"","header-main-stick-meta":"","header-below-stick-meta":"","astra-migrate-meta-layouts":"default","ast-page-background-enabled":"default","ast-page-background-meta":{"desktop":{"background-color":"","background-image":"","background-repeat":"repeat","background-position":"center center","background-size":"auto","background-attachment":"scroll","background-type":"","background-media":"","overlay-type":"","overlay-color":"","overlay-opacity":"","overlay-gradient":""},"tablet":{"background-color":"","background-image":"","background-repeat":"repeat","background-position":"center center","background-size":"auto","background-attachment":"scroll","background-type":"","background-media":"","overlay-type":"","overlay-color":"","overlay-opacity":"","overlay-gradient":""},"mobile":{"background-color":"","background-image":"","background-repeat":"repeat","background-position":"center center","background-size":"auto","background-attachment":"scroll","background-type":"","background-media":"","overlay-type":"","overlay-color":"","overlay-opacity":"","overlay-gradient":""}},"ast-content-background-meta":{"desktop":{"background-color":"var(--ast-global-color-5)","background-image":"","background-repeat":"repeat","background-position":"center center","background-size":"auto","background-attachment":"scroll","background-type":"","background-media":"","overlay-type":"","overlay-color":"","overlay-opacity":"","overlay-gradient":""},"tablet":{"background-color":"var(--ast-global-color-5)","background-image":"","background-repeat":"repeat","background-position":"center center","background-size":"auto","background-attachment":"scroll","background-type":"","background-media":"","overlay-type":"","overlay-color":"","overlay-opacity":"","overlay-gradient":""},"mobile":{"background-color":"var(--ast-global-color-5)","background-image":"","background-repeat":"repeat","background-position":"center center","background-size":"auto","background-attachment":"scroll","background-type":"","background-media":"","overlay-type":"","overlay-color":"","overlay-opacity":"","overlay-gradient":""}},"footnotes":""},"class_list":["post-2027","page","type-page","status-publish","hentry"],"yoast_head":"<!-- This site is optimized with the Yoast SEO plugin v27.3 - https:\/\/yoast.com\/product\/yoast-seo-wordpress\/ -->\n<title>SMS COMPLAINT PRIVACY POLICY -<\/title>\n<meta name=\"robots\" content=\"index, follow, max-snippet:-1, max-image-preview:large, max-video-preview:-1\" \/>\n<link rel=\"canonical\" href=\"https:\/\/rsqme.net\/es\/sms-complaint-privacy-policy\/\" \/>\n<meta property=\"og:locale\" content=\"es_ES\" \/>\n<meta property=\"og:type\" content=\"article\" \/>\n<meta property=\"og:title\" content=\"SMS COMPLAINT PRIVACY POLICY -\" \/>\n<meta property=\"og:description\" content=\"SMS COMPLAINT PRIVACY POLICY \u00a0 Effective Date:\u00a0 11\/06\/2023 \u00a0 \u00a0 \u00a0 Rsqme.net is committed to protecting your privacy and ensuring a transparent and secure experience with our SMS services. This privacy policy outlines how we collect, use, and safeguard your personal information in the context of SMS communications. \u00a0 1. Information CollectionWe collect your phone [&hellip;]\" \/>\n<meta property=\"og:url\" content=\"https:\/\/rsqme.net\/es\/sms-complaint-privacy-policy\/\" \/>\n<meta property=\"article:publisher\" content=\"https:\/\/www.facebook.com\/people\/RSQ-Medical-Equipment\/100063606670932\/\" \/>\n<meta property=\"article:modified_time\" content=\"2024-03-13T15:54:07+00:00\" \/>\n<meta name=\"twitter:card\" content=\"summary_large_image\" \/>\n<meta name=\"twitter:label1\" content=\"Tiempo de lectura\" \/>\n\t<meta name=\"twitter:data1\" content=\"2 minutos\" \/>\n<script type=\"application\/ld+json\" class=\"yoast-schema-graph\">{\"@context\":\"https:\\\/\\\/schema.org\",\"@graph\":[{\"@type\":\"WebPage\",\"@id\":\"https:\\\/\\\/rsqme.net\\\/sms-complaint-privacy-policy\\\/\",\"url\":\"https:\\\/\\\/rsqme.net\\\/sms-complaint-privacy-policy\\\/\",\"name\":\"SMS COMPLAINT PRIVACY POLICY -\",\"isPartOf\":{\"@id\":\"https:\\\/\\\/rsqme.net\\\/#website\"},\"datePublished\":\"2023-11-10T20:59:48+00:00\",\"dateModified\":\"2024-03-13T15:54:07+00:00\",\"breadcrumb\":{\"@id\":\"https:\\\/\\\/rsqme.net\\\/sms-complaint-privacy-policy\\\/#breadcrumb\"},\"inLanguage\":\"es\",\"potentialAction\":[{\"@type\":\"ReadAction\",\"target\":[\"https:\\\/\\\/rsqme.net\\\/sms-complaint-privacy-policy\\\/\"]}]},{\"@type\":\"BreadcrumbList\",\"@id\":\"https:\\\/\\\/rsqme.net\\\/sms-complaint-privacy-policy\\\/#breadcrumb\",\"itemListElement\":[{\"@type\":\"ListItem\",\"position\":1,\"name\":\"Home\",\"item\":\"https:\\\/\\\/rsqme.net\\\/\"},{\"@type\":\"ListItem\",\"position\":2,\"name\":\"SMS COMPLAINT PRIVACY POLICY\"}]},{\"@type\":\"WebSite\",\"@id\":\"https:\\\/\\\/rsqme.net\\\/#website\",\"url\":\"https:\\\/\\\/rsqme.net\\\/\",\"name\":\"rsqme.net\",\"description\":\"\",\"publisher\":{\"@id\":\"https:\\\/\\\/rsqme.net\\\/#organization\"},\"alternateName\":\"rsq\",\"potentialAction\":[{\"@type\":\"SearchAction\",\"target\":{\"@type\":\"EntryPoint\",\"urlTemplate\":\"https:\\\/\\\/rsqme.net\\\/?s={search_term_string}\"},\"query-input\":{\"@type\":\"PropertyValueSpecification\",\"valueRequired\":true,\"valueName\":\"search_term_string\"}}],\"inLanguage\":\"es\"},{\"@type\":\"Organization\",\"@id\":\"https:\\\/\\\/rsqme.net\\\/#organization\",\"name\":\"RSQ Medical Equipment\",\"url\":\"https:\\\/\\\/rsqme.net\\\/\",\"logo\":{\"@type\":\"ImageObject\",\"inLanguage\":\"es\",\"@id\":\"https:\\\/\\\/rsqme.net\\\/#\\\/schema\\\/logo\\\/image\\\/\",\"url\":\"https:\\\/\\\/rsqme.net\\\/wp-content\\\/uploads\\\/2025\\\/07\\\/cropped-logo.jpg\",\"contentUrl\":\"https:\\\/\\\/rsqme.net\\\/wp-content\\\/uploads\\\/2025\\\/07\\\/cropped-logo.jpg\",\"width\":546,\"height\":88,\"caption\":\"RSQ Medical Equipment\"},\"image\":{\"@id\":\"https:\\\/\\\/rsqme.net\\\/#\\\/schema\\\/logo\\\/image\\\/\"},\"sameAs\":[\"https:\\\/\\\/www.facebook.com\\\/people\\\/RSQ-Medical-Equipment\\\/100063606670932\\\/\"]}]}<\/script>\n<!-- \/ Yoast SEO plugin. -->","yoast_head_json":{"title":"SMS COMPLAINT PRIVACY POLICY -","robots":{"index":"index","follow":"follow","max-snippet":"max-snippet:-1","max-image-preview":"max-image-preview:large","max-video-preview":"max-video-preview:-1"},"canonical":"https:\/\/rsqme.net\/es\/sms-complaint-privacy-policy\/","og_locale":"es_ES","og_type":"article","og_title":"SMS COMPLAINT PRIVACY POLICY -","og_description":"SMS COMPLAINT PRIVACY POLICY \u00a0 Effective Date:\u00a0 11\/06\/2023 \u00a0 \u00a0 \u00a0 Rsqme.net is committed to protecting your privacy and ensuring a transparent and secure experience with our SMS services. This privacy policy outlines how we collect, use, and safeguard your personal information in the context of SMS communications. \u00a0 1. Information CollectionWe collect your phone [&hellip;]","og_url":"https:\/\/rsqme.net\/es\/sms-complaint-privacy-policy\/","article_publisher":"https:\/\/www.facebook.com\/people\/RSQ-Medical-Equipment\/100063606670932\/","article_modified_time":"2024-03-13T15:54:07+00:00","twitter_card":"summary_large_image","twitter_misc":{"Tiempo de lectura":"2 minutos"},"schema":{"@context":"https:\/\/schema.org","@graph":[{"@type":"WebPage","@id":"https:\/\/rsqme.net\/sms-complaint-privacy-policy\/","url":"https:\/\/rsqme.net\/sms-complaint-privacy-policy\/","name":"SMS COMPLAINT PRIVACY POLICY -","isPartOf":{"@id":"https:\/\/rsqme.net\/#website"},"datePublished":"2023-11-10T20:59:48+00:00","dateModified":"2024-03-13T15:54:07+00:00","breadcrumb":{"@id":"https:\/\/rsqme.net\/sms-complaint-privacy-policy\/#breadcrumb"},"inLanguage":"es","potentialAction":[{"@type":"ReadAction","target":["https:\/\/rsqme.net\/sms-complaint-privacy-policy\/"]}]},{"@type":"BreadcrumbList","@id":"https:\/\/rsqme.net\/sms-complaint-privacy-policy\/#breadcrumb","itemListElement":[{"@type":"ListItem","position":1,"name":"Home","item":"https:\/\/rsqme.net\/"},{"@type":"ListItem","position":2,"name":"SMS COMPLAINT PRIVACY POLICY"}]},{"@type":"WebSite","@id":"https:\/\/rsqme.net\/#website","url":"https:\/\/rsqme.net\/","name":"rsqme.net","description":"","publisher":{"@id":"https:\/\/rsqme.net\/#organization"},"alternateName":"rsq","potentialAction":[{"@type":"SearchAction","target":{"@type":"EntryPoint","urlTemplate":"https:\/\/rsqme.net\/?s={search_term_string}"},"query-input":{"@type":"PropertyValueSpecification","valueRequired":true,"valueName":"search_term_string"}}],"inLanguage":"es"},{"@type":"Organization","@id":"https:\/\/rsqme.net\/#organization","name":"RSQ Medical Equipment","url":"https:\/\/rsqme.net\/","logo":{"@type":"ImageObject","inLanguage":"es","@id":"https:\/\/rsqme.net\/#\/schema\/logo\/image\/","url":"https:\/\/rsqme.net\/wp-content\/uploads\/2025\/07\/cropped-logo.jpg","contentUrl":"https:\/\/rsqme.net\/wp-content\/uploads\/2025\/07\/cropped-logo.jpg","width":546,"height":88,"caption":"RSQ Medical Equipment"},"image":{"@id":"https:\/\/rsqme.net\/#\/schema\/logo\/image\/"},"sameAs":["https:\/\/www.facebook.com\/people\/RSQ-Medical-Equipment\/100063606670932\/"]}]}},"_links":{"self":[{"href":"https:\/\/rsqme.net\/es\/wp-json\/wp\/v2\/pages\/2027","targetHints":{"allow":["GET"]}}],"collection":[{"href":"https:\/\/rsqme.net\/es\/wp-json\/wp\/v2\/pages"}],"about":[{"href":"https:\/\/rsqme.net\/es\/wp-json\/wp\/v2\/types\/page"}],"author":[{"embeddable":true,"href":"https:\/\/rsqme.net\/es\/wp-json\/wp\/v2\/users\/2"}],"replies":[{"embeddable":true,"href":"https:\/\/rsqme.net\/es\/wp-json\/wp\/v2\/comments?post=2027"}],"version-history":[{"count":0,"href":"https:\/\/rsqme.net\/es\/wp-json\/wp\/v2\/pages\/2027\/revisions"}],"wp:attachment":[{"href":"https:\/\/rsqme.net\/es\/wp-json\/wp\/v2\/media?parent=2027"}],"curies":[{"name":"wp","href":"https:\/\/api.w.org\/{rel}","templated":true}]}}